{"id":6060,"date":"2023-08-15T22:07:05","date_gmt":"2023-08-16T04:07:05","guid":{"rendered":"https:\/\/inclulabgt.org\/?page_id=6060"},"modified":"2023-08-23T01:08:57","modified_gmt":"2023-08-23T07:08:57","slug":"donaciones-2","status":"publish","type":"page","link":"https:\/\/inclulabgt.org\/en\/donaciones-2\/","title":{"rendered":"Donations"},"content":{"rendered":"<div data-elementor-type=\"wp-page\" data-elementor-id=\"6060\" class=\"elementor elementor-6060\">\n\t\t\t\t\t\t\t\t\t<section class=\"elementor-section elementor-top-section elementor-element elementor-element-56ad9a0a elementor-section-boxed elementor-section-height-default elementor-section-height-default\" data-id=\"56ad9a0a\" data-element_type=\"section\">\n\t\t\t\t\t\t<div class=\"elementor-container elementor-column-gap-default\">\n\t\t\t\t\t<div class=\"elementor-column elementor-col-100 elementor-top-column elementor-element elementor-element-1855f6ee\" data-id=\"1855f6ee\" data-element_type=\"column\" data-settings=\"{&quot;background_background&quot;:&quot;classic&quot;}\">\n\t\t\t<div class=\"elementor-widget-wrap elementor-element-populated\">\n\t\t\t\t\t\t\t\t<div class=\"elementor-element elementor-element-3d6803bd elementor-widget elementor-widget-heading\" data-id=\"3d6803bd\" data-element_type=\"widget\" data-widget_type=\"heading.default\">\n\t\t\t\t<div class=\"elementor-widget-container\">\n\t\t\t<style>\/*! elementor - v3.13.3 - 28-05-2023 *\/\n.elementor-heading-title{padding:0;margin:0;line-height:1}.elementor-widget-heading .elementor-heading-title[class*=elementor-size-]>a{color:inherit;font-size:inherit;line-height:inherit}.elementor-widget-heading .elementor-heading-title.elementor-size-small{font-size:15px}.elementor-widget-heading .elementor-heading-title.elementor-size-medium{font-size:19px}.elementor-widget-heading .elementor-heading-title.elementor-size-large{font-size:29px}.elementor-widget-heading .elementor-heading-title.elementor-size-xl{font-size:39px}.elementor-widget-heading .elementor-heading-title.elementor-size-xxl{font-size:59px}<\/style><h2 class=\"elementor-heading-title elementor-size-default\">HOW CAN YOU HELP?\n<\/h2>\t\t<\/div>\n\t\t\t\t<\/div>\n\t\t\t\t\t<\/div>\n\t\t<\/div>\n\t\t\t\t\t\t\t<\/div>\n\t\t<\/section>\n\t\t\t\t<section class=\"elementor-section elementor-top-section elementor-element elementor-element-f06fc4a elementor-section-boxed elementor-section-height-default elementor-section-height-default\" data-id=\"f06fc4a\" data-element_type=\"section\" id=\"productos\" data-settings=\"{&quot;background_background&quot;:&quot;classic&quot;}\">\n\t\t\t\t\t\t<div class=\"elementor-container elementor-column-gap-default\">\n\t\t\t\t\t<div class=\"elementor-column elementor-col-50 elementor-top-column elementor-element elementor-element-9481a9c\" data-id=\"9481a9c\" data-element_type=\"column\">\n\t\t\t<div class=\"elementor-widget-wrap elementor-element-populated\">\n\t\t\t\t\t\t\t\t<div class=\"elementor-element elementor-element-e762432 elementor-widget elementor-widget-accordion\" data-id=\"e762432\" data-element_type=\"widget\" data-widget_type=\"accordion.default\">\n\t\t\t\t<div class=\"elementor-widget-container\">\n\t\t\t<style>\/*! elementor - v3.13.3 - 28-05-2023 *\/\n.elementor-accordion{text-align:left}.elementor-accordion .elementor-accordion-item{border:1px solid #d5d8dc}.elementor-accordion .elementor-accordion-item+.elementor-accordion-item{border-top:none}.elementor-accordion .elementor-tab-title{margin:0;padding:15px 20px;font-weight:700;line-height:1;cursor:pointer;outline:none}.elementor-accordion .elementor-tab-title .elementor-accordion-icon{display:inline-block;width:1.5em}.elementor-accordion .elementor-tab-title .elementor-accordion-icon svg{width:1em;height:1em}.elementor-accordion .elementor-tab-title .elementor-accordion-icon.elementor-accordion-icon-right{float:right;text-align:right}.elementor-accordion .elementor-tab-title .elementor-accordion-icon.elementor-accordion-icon-left{float:left;text-align:left}.elementor-accordion .elementor-tab-title .elementor-accordion-icon .elementor-accordion-icon-closed{display:block}.elementor-accordion .elementor-tab-title .elementor-accordion-icon .elementor-accordion-icon-opened,.elementor-accordion .elementor-tab-title.elementor-active .elementor-accordion-icon-closed{display:none}.elementor-accordion .elementor-tab-title.elementor-active .elementor-accordion-icon-opened{display:block}.elementor-accordion .elementor-tab-content{display:none;padding:15px 20px;border-top:1px solid #d5d8dc}@media (max-width:767px){.elementor-accordion .elementor-tab-title{padding:12px 15px}.elementor-accordion .elementor-tab-title .elementor-accordion-icon{width:1.2em}.elementor-accordion .elementor-tab-content{padding:7px 15px}}.e-con-inner>.elementor-widget-accordion,.e-con>.elementor-widget-accordion{width:var(--container-widget-width);--flex-grow:var(--container-widget-flex-grow)}<\/style>\t\t<div class=\"elementor-accordion\" role=\"tablist\">\n\t\t\t\t\t\t\t<div class=\"elementor-accordion-item\">\n\t\t\t\t\t<div id=\"elementor-tab-title-2421\" class=\"elementor-tab-title\" data-tab=\"1\" role=\"tab\" aria-controls=\"elementor-tab-content-2421\" aria-expanded=\"false\">\n\t\t\t\t\t\t\t\t\t\t\t\t\t<span class=\"elementor-accordion-icon elementor-accordion-icon-left\" aria-hidden=\"true\">\n\t\t\t\t\t\t\t\t\t\t\t\t\t\t\t<span class=\"elementor-accordion-icon-closed\"><i class=\"fas fa-plus\"><\/i><\/span>\n\t\t\t\t\t\t\t\t<span class=\"elementor-accordion-icon-opened\"><i class=\"fas fa-minus\"><\/i><\/span>\n\t\t\t\t\t\t\t\t\t\t\t\t\t\t<\/span>\n\t\t\t\t\t\t\t\t\t\t\t\t<a class=\"elementor-accordion-title\" href=\"\">Buy products in our store<\/a>\n\t\t\t\t\t<\/div>\n\t\t\t\t\t<div id=\"elementor-tab-content-2421\" class=\"elementor-tab-content elementor-clearfix\" data-tab=\"1\" role=\"tabpanel\" aria-labelledby=\"elementor-tab-title-2421\"><p><img loading=\"lazy\" decoding=\"async\" class=\"alignnone wp-image-5992\" src=\"https:\/\/i0.wp.com\/inclulabgt.org\/wp-content\/uploads\/2022\/03\/Diseno-sin-titulo-2023-08-15T031701.952.png?resize=174%2C189&#038;ssl=1\" alt=\"\" width=\"174\" height=\"189\" data-recalc-dims=\"1\" srcset=\"https:\/\/i0.wp.com\/inclulabgt.org\/wp-content\/uploads\/2022\/03\/Diseno-sin-titulo-2023-08-15T031701.952.png?w=864&amp;ssl=1 864w, https:\/\/i0.wp.com\/inclulabgt.org\/wp-content\/uploads\/2022\/03\/Diseno-sin-titulo-2023-08-15T031701.952.png?resize=277%2C300&amp;ssl=1 277w, https:\/\/i0.wp.com\/inclulabgt.org\/wp-content\/uploads\/2022\/03\/Diseno-sin-titulo-2023-08-15T031701.952.png?resize=768%2C832&amp;ssl=1 768w, https:\/\/i0.wp.com\/inclulabgt.org\/wp-content\/uploads\/2022\/03\/Diseno-sin-titulo-2023-08-15T031701.952.png?resize=11%2C12&amp;ssl=1 11w, https:\/\/i0.wp.com\/inclulabgt.org\/wp-content\/uploads\/2022\/03\/Diseno-sin-titulo-2023-08-15T031701.952.png?resize=60%2C65&amp;ssl=1 60w, https:\/\/i0.wp.com\/inclulabgt.org\/wp-content\/uploads\/2022\/03\/Diseno-sin-titulo-2023-08-15T031701.952.png?resize=110%2C119&amp;ssl=1 110w, https:\/\/i0.wp.com\/inclulabgt.org\/wp-content\/uploads\/2022\/03\/Diseno-sin-titulo-2023-08-15T031701.952.png?resize=600%2C650&amp;ssl=1 600w\" sizes=\"auto, (max-width: 174px) 100vw, 174px\" \/><\/p><p>With the purchase of our delicious products they help us to obtain our own income.<\/p><p><a href=\"https:\/\/inclulabgt.org\/en\/shop\/\">Visit our store here<\/a><\/p><\/div>\n\t\t\t\t<\/div>\n\t\t\t\t\t\t\t<div class=\"elementor-accordion-item\">\n\t\t\t\t\t<div id=\"elementor-tab-title-2422\" class=\"elementor-tab-title\" data-tab=\"2\" role=\"tab\" aria-controls=\"elementor-tab-content-2422\" aria-expanded=\"false\">\n\t\t\t\t\t\t\t\t\t\t\t\t\t<span class=\"elementor-accordion-icon elementor-accordion-icon-left\" aria-hidden=\"true\">\n\t\t\t\t\t\t\t\t\t\t\t\t\t\t\t<span class=\"elementor-accordion-icon-closed\"><i class=\"fas fa-plus\"><\/i><\/span>\n\t\t\t\t\t\t\t\t<span class=\"elementor-accordion-icon-opened\"><i class=\"fas fa-minus\"><\/i><\/span>\n\t\t\t\t\t\t\t\t\t\t\t\t\t\t<\/span>\n\t\t\t\t\t\t\t\t\t\t\t\t<a class=\"elementor-accordion-title\" href=\"\">project financing<\/a>\n\t\t\t\t\t<\/div>\n\t\t\t\t\t<div id=\"elementor-tab-content-2422\" class=\"elementor-tab-content elementor-clearfix\" data-tab=\"2\" role=\"tabpanel\" aria-labelledby=\"elementor-tab-title-2422\"><p>Collaborate in the educational and social development programs of: food, infrastructure, equipment, teacher training and institutional strengthening.<\/p><p>To find out how to donate or confirm receipt of a donation, send us an email at <a href=\"mailto:donaciones@inclulabgt.org\">donations@inclulabgt.org<\/a><\/p><\/div>\n\t\t\t\t<\/div>\n\t\t\t\t\t\t\t<div class=\"elementor-accordion-item\">\n\t\t\t\t\t<div id=\"elementor-tab-title-2423\" class=\"elementor-tab-title\" data-tab=\"3\" role=\"tab\" aria-controls=\"elementor-tab-content-2423\" aria-expanded=\"false\">\n\t\t\t\t\t\t\t\t\t\t\t\t\t<span class=\"elementor-accordion-icon elementor-accordion-icon-left\" aria-hidden=\"true\">\n\t\t\t\t\t\t\t\t\t\t\t\t\t\t\t<span class=\"elementor-accordion-icon-closed\"><i class=\"fas fa-plus\"><\/i><\/span>\n\t\t\t\t\t\t\t\t<span class=\"elementor-accordion-icon-opened\"><i class=\"fas fa-minus\"><\/i><\/span>\n\t\t\t\t\t\t\t\t\t\t\t\t\t\t<\/span>\n\t\t\t\t\t\t\t\t\t\t\t\t<a class=\"elementor-accordion-title\" href=\"\">Donation of inputs<\/a>\n\t\t\t\t\t<\/div>\n\t\t\t\t\t<div id=\"elementor-tab-content-2423\" class=\"elementor-tab-content elementor-clearfix\" data-tab=\"3\" role=\"tabpanel\" aria-labelledby=\"elementor-tab-title-2423\"><p>You can provide our centers with furniture, computer equipment, audiovisual equipment or educational material that is new or used in good condition.<\/p><p>To find out how to donate or confirm receipt of a donation, send us an email at <a href=\"mailto:donaciones@inclulabgt.org\">donations@inclulabgt.org<\/a><\/p><\/div>\n\t\t\t\t<\/div>\n\t\t\t\t\t\t\t<div class=\"elementor-accordion-item\">\n\t\t\t\t\t<div id=\"elementor-tab-title-2424\" class=\"elementor-tab-title\" data-tab=\"4\" role=\"tab\" aria-controls=\"elementor-tab-content-2424\" aria-expanded=\"false\">\n\t\t\t\t\t\t\t\t\t\t\t\t\t<span class=\"elementor-accordion-icon elementor-accordion-icon-left\" aria-hidden=\"true\">\n\t\t\t\t\t\t\t\t\t\t\t\t\t\t\t<span class=\"elementor-accordion-icon-closed\"><i class=\"fas fa-plus\"><\/i><\/span>\n\t\t\t\t\t\t\t\t<span class=\"elementor-accordion-icon-opened\"><i class=\"fas fa-minus\"><\/i><\/span>\n\t\t\t\t\t\t\t\t\t\t\t\t\t\t<\/span>\n\t\t\t\t\t\t\t\t\t\t\t\t<a class=\"elementor-accordion-title\" href=\"\">Bank deposit<\/a>\n\t\t\t\t\t<\/div>\n\t\t\t\t\t<div id=\"elementor-tab-content-2424\" class=\"elementor-tab-content elementor-clearfix\" data-tab=\"4\" role=\"tabpanel\" aria-labelledby=\"elementor-tab-title-2424\"><p><img loading=\"lazy\" decoding=\"async\" class=\"alignnone wp-image-6063\" src=\"https:\/\/i0.wp.com\/inclulabgt.org\/wp-content\/uploads\/2023\/08\/207-014752-1.png?resize=495%2C495&#038;ssl=1\" alt=\"\" width=\"495\" height=\"495\" data-recalc-dims=\"1\" srcset=\"https:\/\/i0.wp.com\/inclulabgt.org\/wp-content\/uploads\/2023\/08\/207-014752-1.png?w=800&amp;ssl=1 800w, https:\/\/i0.wp.com\/inclulabgt.org\/wp-content\/uploads\/2023\/08\/207-014752-1.png?resize=300%2C300&amp;ssl=1 300w, https:\/\/i0.wp.com\/inclulabgt.org\/wp-content\/uploads\/2023\/08\/207-014752-1.png?resize=150%2C150&amp;ssl=1 150w, https:\/\/i0.wp.com\/inclulabgt.org\/wp-content\/uploads\/2023\/08\/207-014752-1.png?resize=768%2C768&amp;ssl=1 768w, https:\/\/i0.wp.com\/inclulabgt.org\/wp-content\/uploads\/2023\/08\/207-014752-1.png?resize=12%2C12&amp;ssl=1 12w, https:\/\/i0.wp.com\/inclulabgt.org\/wp-content\/uploads\/2023\/08\/207-014752-1.png?resize=60%2C60&amp;ssl=1 60w, https:\/\/i0.wp.com\/inclulabgt.org\/wp-content\/uploads\/2023\/08\/207-014752-1.png?resize=110%2C110&amp;ssl=1 110w, https:\/\/i0.wp.com\/inclulabgt.org\/wp-content\/uploads\/2023\/08\/207-014752-1.png?resize=600%2C600&amp;ssl=1 600w, https:\/\/i0.wp.com\/inclulabgt.org\/wp-content\/uploads\/2023\/08\/207-014752-1.png?resize=100%2C100&amp;ssl=1 100w, https:\/\/i0.wp.com\/inclulabgt.org\/wp-content\/uploads\/2023\/08\/207-014752-1.png?resize=170%2C170&amp;ssl=1 170w\" sizes=\"auto, (max-width: 495px) 100vw, 495px\" \/><\/p><p>Send us your bank voucher, name, company, nit or dpi to be able to grant you the donation receipt.<\/p><p>Send us the data to <a href=\"mailto:donaciones@inclulabgt.org\">donations@inclulabgt.org<\/a><\/p><\/div>\n\t\t\t\t<\/div>\n\t\t\t\t\t\t\t<div class=\"elementor-accordion-item\">\n\t\t\t\t\t<div id=\"elementor-tab-title-2425\" class=\"elementor-tab-title\" data-tab=\"5\" role=\"tab\" aria-controls=\"elementor-tab-content-2425\" aria-expanded=\"false\">\n\t\t\t\t\t\t\t\t\t\t\t\t\t<span class=\"elementor-accordion-icon elementor-accordion-icon-left\" aria-hidden=\"true\">\n\t\t\t\t\t\t\t\t\t\t\t\t\t\t\t<span class=\"elementor-accordion-icon-closed\"><i class=\"fas fa-plus\"><\/i><\/span>\n\t\t\t\t\t\t\t\t<span class=\"elementor-accordion-icon-opened\"><i class=\"fas fa-minus\"><\/i><\/span>\n\t\t\t\t\t\t\t\t\t\t\t\t\t\t<\/span>\n\t\t\t\t\t\t\t\t\t\t\t\t<a class=\"elementor-accordion-title\" href=\"\">payment link<\/a>\n\t\t\t\t\t<\/div>\n\t\t\t\t\t<div id=\"elementor-tab-content-2425\" class=\"elementor-tab-content elementor-clearfix\" data-tab=\"5\" role=\"tabpanel\" aria-labelledby=\"elementor-tab-title-2425\"><p>You can pay with debit or credit card in Quetzales or Dollars in the following payment link:<\/p><p><span style=\"color: #0000ff;\"><a style=\"color: #0000ff;\" href=\"https:\/\/app.recurrente.com\/s\/inclulab\/pagar\">Click here<\/a><\/span><\/p><\/div>\n\t\t\t\t<\/div>\n\t\t\t\t\t\t\t\t<\/div>\n\t\t\t\t<\/div>\n\t\t\t\t<\/div>\n\t\t\t\t\t<\/div>\n\t\t<\/div>\n\t\t\t\t<div class=\"elementor-column elementor-col-50 elementor-top-column elementor-element elementor-element-f169898\" data-id=\"f169898\" data-element_type=\"column\">\n\t\t\t<div class=\"elementor-widget-wrap elementor-element-populated\">\n\t\t\t\t\t\t\t\t<div class=\"elementor-element elementor-element-f76c2bb elementor-widget elementor-widget-image\" data-id=\"f76c2bb\" data-element_type=\"widget\" data-widget_type=\"image.default\">\n\t\t\t\t<div class=\"elementor-widget-container\">\n\t\t\t<style>\/*! elementor - v3.13.3 - 28-05-2023 *\/\n.elementor-widget-image{text-align:center}.elementor-widget-image a{display:inline-block}.elementor-widget-image a img[src$=\".svg\"]{width:48px}.elementor-widget-image img{vertical-align:middle;display:inline-block}<\/style>\t\t\t\t\t\t\t\t\t\t\t\t<img loading=\"lazy\" decoding=\"async\" width=\"908\" height=\"1024\" src=\"https:\/\/i0.wp.com\/inclulabgt.org\/wp-content\/uploads\/2023\/06\/Screenshot_20230414_161240_WhatsApp-e1692160306545.jpg?fit=908%2C1024&amp;ssl=1\" class=\"attachment-large size-large wp-image-5657\" alt=\"\" srcset=\"https:\/\/i0.wp.com\/inclulabgt.org\/wp-content\/uploads\/2023\/06\/Screenshot_20230414_161240_WhatsApp-e1692160306545.jpg?w=914&amp;ssl=1 914w, https:\/\/i0.wp.com\/inclulabgt.org\/wp-content\/uploads\/2023\/06\/Screenshot_20230414_161240_WhatsApp-e1692160306545.jpg?resize=266%2C300&amp;ssl=1 266w, https:\/\/i0.wp.com\/inclulabgt.org\/wp-content\/uploads\/2023\/06\/Screenshot_20230414_161240_WhatsApp-e1692160306545.jpg?resize=908%2C1024&amp;ssl=1 908w, https:\/\/i0.wp.com\/inclulabgt.org\/wp-content\/uploads\/2023\/06\/Screenshot_20230414_161240_WhatsApp-e1692160306545.jpg?resize=768%2C866&amp;ssl=1 768w, https:\/\/i0.wp.com\/inclulabgt.org\/wp-content\/uploads\/2023\/06\/Screenshot_20230414_161240_WhatsApp-e1692160306545.jpg?resize=600%2C677&amp;ssl=1 600w, https:\/\/i0.wp.com\/inclulabgt.org\/wp-content\/uploads\/2023\/06\/Screenshot_20230414_161240_WhatsApp-e1692160306545.jpg?resize=11%2C12&amp;ssl=1 11w, https:\/\/i0.wp.com\/inclulabgt.org\/wp-content\/uploads\/2023\/06\/Screenshot_20230414_161240_WhatsApp-e1692160306545.jpg?resize=60%2C68&amp;ssl=1 60w, https:\/\/i0.wp.com\/inclulabgt.org\/wp-content\/uploads\/2023\/06\/Screenshot_20230414_161240_WhatsApp-e1692160306545.jpg?resize=110%2C124&amp;ssl=1 110w\" sizes=\"auto, (max-width: 908px) 100vw, 908px\" \/>\t\t\t\t\t\t\t\t\t\t\t\t\t\t\t<\/div>\n\t\t\t\t<\/div>\n\t\t\t\t\t<\/div>\n\t\t<\/div>\n\t\t\t\t\t\t\t<\/div>\n\t\t<\/section>\n\t\t\t\t\t\t\t<\/div>","protected":false},"excerpt":{"rendered":"<p>\u00bfC\u00d3MO PUEDES AYUDAR? Compra productos en nuestra tienda Con la compra de nuestros deliciosos productos nos ayudan a obtener nuestros propios ingresos. Visita nuestra tienda aqu\u00ed Financiamiento de proyectos Colabore en los programas de desarrollo educativo y social de: alimentaci\u00f3n, infraestructura, equipamiento, formaci\u00f3n docente y &hellip;<\/p>","protected":false},"author":2,"featured_media":0,"parent":0,"menu_order":0,"comment_status":"closed","ping_status":"closed","template":"","meta":{"footnotes":""},"class_list":["post-6060","page","type-page","status-publish","hentry"],"_links":{"self":[{"href":"https:\/\/inclulabgt.org\/en\/wp-json\/wp\/v2\/pages\/6060","targetHints":{"allow":["GET"]}}],"collection":[{"href":"https:\/\/inclulabgt.org\/en\/wp-json\/wp\/v2\/pages"}],"about":[{"href":"https:\/\/inclulabgt.org\/en\/wp-json\/wp\/v2\/types\/page"}],"author":[{"embeddable":true,"href":"https:\/\/inclulabgt.org\/en\/wp-json\/wp\/v2\/users\/2"}],"replies":[{"embeddable":true,"href":"https:\/\/inclulabgt.org\/en\/wp-json\/wp\/v2\/comments?post=6060"}],"version-history":[{"count":34,"href":"https:\/\/inclulabgt.org\/en\/wp-json\/wp\/v2\/pages\/6060\/revisions"}],"predecessor-version":[{"id":6124,"href":"https:\/\/inclulabgt.org\/en\/wp-json\/wp\/v2\/pages\/6060\/revisions\/6124"}],"wp:attachment":[{"href":"https:\/\/inclulabgt.org\/en\/wp-json\/wp\/v2\/media?parent=6060"}],"curies":[{"name":"wp","href":"https:\/\/api.w.org\/{rel}","templated":true}]}}