{"id":5867,"date":"2023-07-20T19:09:22","date_gmt":"2023-07-21T01:09:22","guid":{"rendered":"https:\/\/inclulabgt.org\/?page_id=5867"},"modified":"2023-07-20T19:12:13","modified_gmt":"2023-07-21T01:12:13","slug":"donaciones","status":"publish","type":"page","link":"https:\/\/inclulabgt.org\/en\/donaciones\/","title":{"rendered":"Donations"},"content":{"rendered":"<div data-elementor-type=\"wp-page\" data-elementor-id=\"5867\" class=\"elementor elementor-5867\">\n\t\t\t\t\t\t\t\t\t<section class=\"elementor-section elementor-top-section elementor-element elementor-element-2569a84 elementor-section-full_width elementor-section-height-default elementor-section-height-default\" data-id=\"2569a84\" data-element_type=\"section\" data-settings=\"{&quot;background_background&quot;:&quot;classic&quot;}\">\n\t\t\t\t\t\t<div class=\"elementor-container elementor-column-gap-default\">\n\t\t\t\t\t<div class=\"elementor-column elementor-col-100 elementor-top-column elementor-element elementor-element-c075812\" data-id=\"c075812\" data-element_type=\"column\">\n\t\t\t<div class=\"elementor-widget-wrap elementor-element-populated\">\n\t\t\t\t\t\t\t\t<div class=\"elementor-element elementor-element-f7f5762 elementor-widget elementor-widget-heading\" data-id=\"f7f5762\" data-element_type=\"widget\" data-widget_type=\"heading.default\">\n\t\t\t\t<div class=\"elementor-widget-container\">\n\t\t\t<style>\/*! elementor - v3.13.3 - 28-05-2023 *\/\n.elementor-heading-title{padding:0;margin:0;line-height:1}.elementor-widget-heading .elementor-heading-title[class*=elementor-size-]>a{color:inherit;font-size:inherit;line-height:inherit}.elementor-widget-heading .elementor-heading-title.elementor-size-small{font-size:15px}.elementor-widget-heading .elementor-heading-title.elementor-size-medium{font-size:19px}.elementor-widget-heading .elementor-heading-title.elementor-size-large{font-size:29px}.elementor-widget-heading .elementor-heading-title.elementor-size-xl{font-size:39px}.elementor-widget-heading .elementor-heading-title.elementor-size-xxl{font-size:59px}<\/style><h2 class=\"elementor-heading-title elementor-size-default\">How can you <span style=\"color: #fff;\">help us?<\/span><\/h2>\t\t<\/div>\n\t\t\t\t<\/div>\n\t\t\t\t<section class=\"elementor-section elementor-inner-section elementor-element elementor-element-767dd48 elementor-section-full_width elementor-section-height-default elementor-section-height-default\" data-id=\"767dd48\" data-element_type=\"section\">\n\t\t\t\t\t\t<div class=\"elementor-container elementor-column-gap-default\">\n\t\t\t\t\t<div class=\"elementor-column elementor-col-33 elementor-inner-column elementor-element elementor-element-c9fa929\" data-id=\"c9fa929\" data-element_type=\"column\">\n\t\t\t<div class=\"elementor-widget-wrap elementor-element-populated\">\n\t\t\t\t\t\t\t\t<div class=\"elementor-element elementor-element-732dfb9 elementor-widget elementor-widget-image\" data-id=\"732dfb9\" data-element_type=\"widget\" data-widget_type=\"image.default\">\n\t\t\t\t<div class=\"elementor-widget-container\">\n\t\t\t<style>\/*! elementor - v3.13.3 - 28-05-2023 *\/\n.elementor-widget-image{text-align:center}.elementor-widget-image a{display:inline-block}.elementor-widget-image a img[src$=\".svg\"]{width:48px}.elementor-widget-image img{vertical-align:middle;display:inline-block}<\/style>\t\t\t\t\t\t\t\t\t\t\t\t<img loading=\"lazy\" decoding=\"async\" width=\"500\" height=\"500\" src=\"https:\/\/i0.wp.com\/inclulabgt.org\/wp-content\/uploads\/2023\/07\/Diseno-sin-titulo-2023-07-20T183228.443.png?fit=500%2C500&amp;ssl=1\" class=\"attachment-large size-large wp-image-5780\" alt=\"\" srcset=\"https:\/\/i0.wp.com\/inclulabgt.org\/wp-content\/uploads\/2023\/07\/Diseno-sin-titulo-2023-07-20T183228.443.png?w=500&amp;ssl=1 500w, https:\/\/i0.wp.com\/inclulabgt.org\/wp-content\/uploads\/2023\/07\/Diseno-sin-titulo-2023-07-20T183228.443.png?resize=300%2C300&amp;ssl=1 300w, https:\/\/i0.wp.com\/inclulabgt.org\/wp-content\/uploads\/2023\/07\/Diseno-sin-titulo-2023-07-20T183228.443.png?resize=150%2C150&amp;ssl=1 150w, https:\/\/i0.wp.com\/inclulabgt.org\/wp-content\/uploads\/2023\/07\/Diseno-sin-titulo-2023-07-20T183228.443.png?resize=12%2C12&amp;ssl=1 12w, https:\/\/i0.wp.com\/inclulabgt.org\/wp-content\/uploads\/2023\/07\/Diseno-sin-titulo-2023-07-20T183228.443.png?resize=60%2C60&amp;ssl=1 60w, https:\/\/i0.wp.com\/inclulabgt.org\/wp-content\/uploads\/2023\/07\/Diseno-sin-titulo-2023-07-20T183228.443.png?resize=110%2C110&amp;ssl=1 110w, https:\/\/i0.wp.com\/inclulabgt.org\/wp-content\/uploads\/2023\/07\/Diseno-sin-titulo-2023-07-20T183228.443.png?resize=100%2C100&amp;ssl=1 100w\" sizes=\"auto, (max-width: 500px) 100vw, 500px\" \/>\t\t\t\t\t\t\t\t\t\t\t\t\t\t\t<\/div>\n\t\t\t\t<\/div>\n\t\t\t\t<div class=\"elementor-element elementor-element-aa73062 elementor-widget elementor-widget-heading\" data-id=\"aa73062\" data-element_type=\"widget\" data-widget_type=\"heading.default\">\n\t\t\t\t<div class=\"elementor-widget-container\">\n\t\t\t<h2 class=\"elementor-heading-title elementor-size-default\">weaving dreams\n<\/h2>\t\t<\/div>\n\t\t\t\t<\/div>\n\t\t\t\t<div class=\"elementor-element elementor-element-8e99aea elementor-widget elementor-widget-text-editor\" data-id=\"8e99aea\" data-element_type=\"widget\" data-widget_type=\"text-editor.default\">\n\t\t\t\t<div class=\"elementor-widget-container\">\n\t\t\t<style>\/*! elementor - v3.13.3 - 28-05-2023 *\/\n.elementor-widget-text-editor.elementor-drop-cap-view-stacked .elementor-drop-cap{background-color:#69727d;color:#fff}.elementor-widget-text-editor.elementor-drop-cap-view-framed .elementor-drop-cap{color:#69727d;border:3px solid;background-color:transparent}.elementor-widget-text-editor:not(.elementor-drop-cap-view-default) .elementor-drop-cap{margin-top:8px}.elementor-widget-text-editor:not(.elementor-drop-cap-view-default) .elementor-drop-cap-letter{width:1em;height:1em}.elementor-widget-text-editor .elementor-drop-cap{float:left;text-align:center;line-height:1;font-size:50px}.elementor-widget-text-editor .elementor-drop-cap-letter{display:inline-block}<\/style>\t\t\t\t<p>We support the construction of dreams of people with cognitive disabilities and their families, who do not have financial resources to pay for their rehabilitation.<\/p>\t\t\t\t\t\t<\/div>\n\t\t\t\t<\/div>\n\t\t\t\t\t<\/div>\n\t\t<\/div>\n\t\t\t\t<div class=\"elementor-column elementor-col-33 elementor-inner-column elementor-element elementor-element-4358b4c\" data-id=\"4358b4c\" data-element_type=\"column\">\n\t\t\t<div class=\"elementor-widget-wrap elementor-element-populated\">\n\t\t\t\t\t\t\t\t<div class=\"elementor-element elementor-element-1bb9bfa elementor-widget elementor-widget-image\" data-id=\"1bb9bfa\" data-element_type=\"widget\" data-widget_type=\"image.default\">\n\t\t\t\t<div class=\"elementor-widget-container\">\n\t\t\t\t\t\t\t\t\t\t\t\t\t\t\t<img loading=\"lazy\" decoding=\"async\" width=\"500\" height=\"500\" src=\"https:\/\/i0.wp.com\/inclulabgt.org\/wp-content\/uploads\/2023\/07\/Diseno-sin-titulo-2023-07-20T183228.443.png?fit=500%2C500&amp;ssl=1\" class=\"attachment-large size-large wp-image-5780\" alt=\"\" srcset=\"https:\/\/i0.wp.com\/inclulabgt.org\/wp-content\/uploads\/2023\/07\/Diseno-sin-titulo-2023-07-20T183228.443.png?w=500&amp;ssl=1 500w, https:\/\/i0.wp.com\/inclulabgt.org\/wp-content\/uploads\/2023\/07\/Diseno-sin-titulo-2023-07-20T183228.443.png?resize=300%2C300&amp;ssl=1 300w, https:\/\/i0.wp.com\/inclulabgt.org\/wp-content\/uploads\/2023\/07\/Diseno-sin-titulo-2023-07-20T183228.443.png?resize=150%2C150&amp;ssl=1 150w, https:\/\/i0.wp.com\/inclulabgt.org\/wp-content\/uploads\/2023\/07\/Diseno-sin-titulo-2023-07-20T183228.443.png?resize=12%2C12&amp;ssl=1 12w, https:\/\/i0.wp.com\/inclulabgt.org\/wp-content\/uploads\/2023\/07\/Diseno-sin-titulo-2023-07-20T183228.443.png?resize=60%2C60&amp;ssl=1 60w, https:\/\/i0.wp.com\/inclulabgt.org\/wp-content\/uploads\/2023\/07\/Diseno-sin-titulo-2023-07-20T183228.443.png?resize=110%2C110&amp;ssl=1 110w, https:\/\/i0.wp.com\/inclulabgt.org\/wp-content\/uploads\/2023\/07\/Diseno-sin-titulo-2023-07-20T183228.443.png?resize=100%2C100&amp;ssl=1 100w\" sizes=\"auto, (max-width: 500px) 100vw, 500px\" \/>\t\t\t\t\t\t\t\t\t\t\t\t\t\t\t<\/div>\n\t\t\t\t<\/div>\n\t\t\t\t<div class=\"elementor-element elementor-element-004098b elementor-widget elementor-widget-heading\" data-id=\"004098b\" data-element_type=\"widget\" data-widget_type=\"heading.default\">\n\t\t\t\t<div class=\"elementor-widget-container\">\n\t\t\t<h2 class=\"elementor-heading-title elementor-size-default\">donate your birthday\n<\/h2>\t\t<\/div>\n\t\t\t\t<\/div>\n\t\t\t\t<div class=\"elementor-element elementor-element-8aef7d2 elementor-widget elementor-widget-text-editor\" data-id=\"8aef7d2\" data-element_type=\"widget\" data-widget_type=\"text-editor.default\">\n\t\t\t\t<div class=\"elementor-widget-container\">\n\t\t\t\t\t\t\t<p>This year join a noble cause for your birthday, donating the contribution of your RAIN OF ENVELOPES, with this you can support the rehabilitation of a child or young person with cognitive disabilities.<\/p>\t\t\t\t\t\t<\/div>\n\t\t\t\t<\/div>\n\t\t\t\t\t<\/div>\n\t\t<\/div>\n\t\t\t\t<div class=\"elementor-column elementor-col-33 elementor-inner-column elementor-element elementor-element-d8d8dea\" data-id=\"d8d8dea\" data-element_type=\"column\">\n\t\t\t<div class=\"elementor-widget-wrap elementor-element-populated\">\n\t\t\t\t\t\t\t\t<div class=\"elementor-element elementor-element-4b3f123 elementor-widget elementor-widget-image\" data-id=\"4b3f123\" data-element_type=\"widget\" data-widget_type=\"image.default\">\n\t\t\t\t<div class=\"elementor-widget-container\">\n\t\t\t\t\t\t\t\t\t\t\t\t\t\t\t<img loading=\"lazy\" decoding=\"async\" width=\"500\" height=\"500\" src=\"https:\/\/i0.wp.com\/inclulabgt.org\/wp-content\/uploads\/2023\/07\/Diseno-sin-titulo-2023-07-20T183228.443.png?fit=500%2C500&amp;ssl=1\" class=\"attachment-large size-large wp-image-5780\" alt=\"\" srcset=\"https:\/\/i0.wp.com\/inclulabgt.org\/wp-content\/uploads\/2023\/07\/Diseno-sin-titulo-2023-07-20T183228.443.png?w=500&amp;ssl=1 500w, https:\/\/i0.wp.com\/inclulabgt.org\/wp-content\/uploads\/2023\/07\/Diseno-sin-titulo-2023-07-20T183228.443.png?resize=300%2C300&amp;ssl=1 300w, https:\/\/i0.wp.com\/inclulabgt.org\/wp-content\/uploads\/2023\/07\/Diseno-sin-titulo-2023-07-20T183228.443.png?resize=150%2C150&amp;ssl=1 150w, https:\/\/i0.wp.com\/inclulabgt.org\/wp-content\/uploads\/2023\/07\/Diseno-sin-titulo-2023-07-20T183228.443.png?resize=12%2C12&amp;ssl=1 12w, https:\/\/i0.wp.com\/inclulabgt.org\/wp-content\/uploads\/2023\/07\/Diseno-sin-titulo-2023-07-20T183228.443.png?resize=60%2C60&amp;ssl=1 60w, https:\/\/i0.wp.com\/inclulabgt.org\/wp-content\/uploads\/2023\/07\/Diseno-sin-titulo-2023-07-20T183228.443.png?resize=110%2C110&amp;ssl=1 110w, https:\/\/i0.wp.com\/inclulabgt.org\/wp-content\/uploads\/2023\/07\/Diseno-sin-titulo-2023-07-20T183228.443.png?resize=100%2C100&amp;ssl=1 100w\" sizes=\"auto, (max-width: 500px) 100vw, 500px\" \/>\t\t\t\t\t\t\t\t\t\t\t\t\t\t\t<\/div>\n\t\t\t\t<\/div>\n\t\t\t\t<div class=\"elementor-element elementor-element-988cdc1 elementor-widget elementor-widget-heading\" data-id=\"988cdc1\" data-element_type=\"widget\" data-widget_type=\"heading.default\">\n\t\t\t\t<div class=\"elementor-widget-container\">\n\t\t\t<h2 class=\"elementor-heading-title elementor-size-default\">Donate new or used implements<\/h2>\t\t<\/div>\n\t\t\t\t<\/div>\n\t\t\t\t<div class=\"elementor-element elementor-element-65ac4b6 elementor-widget elementor-widget-text-editor\" data-id=\"65ac4b6\" data-element_type=\"widget\" data-widget_type=\"text-editor.default\">\n\t\t\t\t<div class=\"elementor-widget-container\">\n\t\t\t\t\t\t\t<p>We have many needs, which is why your donations in kind are important to us.<\/p>\t\t\t\t\t\t<\/div>\n\t\t\t\t<\/div>\n\t\t\t\t\t<\/div>\n\t\t<\/div>\n\t\t\t\t\t\t\t<\/div>\n\t\t<\/section>\n\t\t\t\t<section class=\"elementor-section elementor-inner-section elementor-element elementor-element-27de29b elementor-section-full_width elementor-section-height-default elementor-section-height-default\" data-id=\"27de29b\" data-element_type=\"section\">\n\t\t\t\t\t\t<div class=\"elementor-container elementor-column-gap-default\">\n\t\t\t\t\t<div class=\"elementor-column elementor-col-25 elementor-inner-column elementor-element elementor-element-77a2906\" data-id=\"77a2906\" data-element_type=\"column\">\n\t\t\t<div class=\"elementor-widget-wrap\">\n\t\t\t\t\t\t\t\t\t<\/div>\n\t\t<\/div>\n\t\t\t\t<div class=\"elementor-column elementor-col-25 elementor-inner-column elementor-element elementor-element-f5e86f4\" data-id=\"f5e86f4\" data-element_type=\"column\">\n\t\t\t<div class=\"elementor-widget-wrap elementor-element-populated\">\n\t\t\t\t\t\t\t\t<div class=\"elementor-element elementor-element-e53510c elementor-widget elementor-widget-image\" data-id=\"e53510c\" data-element_type=\"widget\" data-widget_type=\"image.default\">\n\t\t\t\t<div class=\"elementor-widget-container\">\n\t\t\t\t\t\t\t\t\t\t\t\t\t\t\t<img loading=\"lazy\" decoding=\"async\" width=\"500\" height=\"500\" src=\"https:\/\/i0.wp.com\/inclulabgt.org\/wp-content\/uploads\/2023\/07\/Diseno-sin-titulo-2023-07-20T183228.443.png?fit=500%2C500&amp;ssl=1\" class=\"attachment-large size-large wp-image-5780\" alt=\"\" srcset=\"https:\/\/i0.wp.com\/inclulabgt.org\/wp-content\/uploads\/2023\/07\/Diseno-sin-titulo-2023-07-20T183228.443.png?w=500&amp;ssl=1 500w, https:\/\/i0.wp.com\/inclulabgt.org\/wp-content\/uploads\/2023\/07\/Diseno-sin-titulo-2023-07-20T183228.443.png?resize=300%2C300&amp;ssl=1 300w, https:\/\/i0.wp.com\/inclulabgt.org\/wp-content\/uploads\/2023\/07\/Diseno-sin-titulo-2023-07-20T183228.443.png?resize=150%2C150&amp;ssl=1 150w, https:\/\/i0.wp.com\/inclulabgt.org\/wp-content\/uploads\/2023\/07\/Diseno-sin-titulo-2023-07-20T183228.443.png?resize=12%2C12&amp;ssl=1 12w, https:\/\/i0.wp.com\/inclulabgt.org\/wp-content\/uploads\/2023\/07\/Diseno-sin-titulo-2023-07-20T183228.443.png?resize=60%2C60&amp;ssl=1 60w, https:\/\/i0.wp.com\/inclulabgt.org\/wp-content\/uploads\/2023\/07\/Diseno-sin-titulo-2023-07-20T183228.443.png?resize=110%2C110&amp;ssl=1 110w, https:\/\/i0.wp.com\/inclulabgt.org\/wp-content\/uploads\/2023\/07\/Diseno-sin-titulo-2023-07-20T183228.443.png?resize=100%2C100&amp;ssl=1 100w\" sizes=\"auto, (max-width: 500px) 100vw, 500px\" \/>\t\t\t\t\t\t\t\t\t\t\t\t\t\t\t<\/div>\n\t\t\t\t<\/div>\n\t\t\t\t<div class=\"elementor-element elementor-element-9160f10 elementor-widget elementor-widget-heading\" data-id=\"9160f10\" data-element_type=\"widget\" data-widget_type=\"heading.default\">\n\t\t\t\t<div class=\"elementor-widget-container\">\n\t\t\t<h2 class=\"elementor-heading-title elementor-size-default\">purchase of products<\/h2>\t\t<\/div>\n\t\t\t\t<\/div>\n\t\t\t\t<div class=\"elementor-element elementor-element-f04f9d0 elementor-widget elementor-widget-text-editor\" data-id=\"f04f9d0\" data-element_type=\"widget\" data-widget_type=\"text-editor.default\">\n\t\t\t\t<div class=\"elementor-widget-container\">\n\t\t\t\t\t\t\t<p>At Fundaci\u00f3n Fe we have different types of vouchers that you can give to your loved ones at special times, and that support people with cognitive disabilities.<\/p>\t\t\t\t\t\t<\/div>\n\t\t\t\t<\/div>\n\t\t\t\t\t<\/div>\n\t\t<\/div>\n\t\t\t\t<div class=\"elementor-column elementor-col-25 elementor-inner-column elementor-element elementor-element-f2bcc72\" data-id=\"f2bcc72\" data-element_type=\"column\">\n\t\t\t<div class=\"elementor-widget-wrap elementor-element-populated\">\n\t\t\t\t\t\t\t\t<div class=\"elementor-element elementor-element-21c6444 elementor-widget elementor-widget-image\" data-id=\"21c6444\" data-element_type=\"widget\" data-widget_type=\"image.default\">\n\t\t\t\t<div class=\"elementor-widget-container\">\n\t\t\t\t\t\t\t\t\t\t\t\t\t\t\t<img loading=\"lazy\" decoding=\"async\" width=\"500\" height=\"500\" src=\"https:\/\/i0.wp.com\/inclulabgt.org\/wp-content\/uploads\/2023\/07\/Diseno-sin-titulo-2023-07-20T183228.443.png?fit=500%2C500&amp;ssl=1\" class=\"attachment-large size-large wp-image-5780\" alt=\"\" srcset=\"https:\/\/i0.wp.com\/inclulabgt.org\/wp-content\/uploads\/2023\/07\/Diseno-sin-titulo-2023-07-20T183228.443.png?w=500&amp;ssl=1 500w, https:\/\/i0.wp.com\/inclulabgt.org\/wp-content\/uploads\/2023\/07\/Diseno-sin-titulo-2023-07-20T183228.443.png?resize=300%2C300&amp;ssl=1 300w, https:\/\/i0.wp.com\/inclulabgt.org\/wp-content\/uploads\/2023\/07\/Diseno-sin-titulo-2023-07-20T183228.443.png?resize=150%2C150&amp;ssl=1 150w, https:\/\/i0.wp.com\/inclulabgt.org\/wp-content\/uploads\/2023\/07\/Diseno-sin-titulo-2023-07-20T183228.443.png?resize=12%2C12&amp;ssl=1 12w, https:\/\/i0.wp.com\/inclulabgt.org\/wp-content\/uploads\/2023\/07\/Diseno-sin-titulo-2023-07-20T183228.443.png?resize=60%2C60&amp;ssl=1 60w, https:\/\/i0.wp.com\/inclulabgt.org\/wp-content\/uploads\/2023\/07\/Diseno-sin-titulo-2023-07-20T183228.443.png?resize=110%2C110&amp;ssl=1 110w, https:\/\/i0.wp.com\/inclulabgt.org\/wp-content\/uploads\/2023\/07\/Diseno-sin-titulo-2023-07-20T183228.443.png?resize=100%2C100&amp;ssl=1 100w\" sizes=\"auto, (max-width: 500px) 100vw, 500px\" \/>\t\t\t\t\t\t\t\t\t\t\t\t\t\t\t<\/div>\n\t\t\t\t<\/div>\n\t\t\t\t<div class=\"elementor-element elementor-element-21d1d3e elementor-widget elementor-widget-heading\" data-id=\"21d1d3e\" data-element_type=\"widget\" data-widget_type=\"heading.default\">\n\t\t\t\t<div class=\"elementor-widget-container\">\n\t\t\t<h2 class=\"elementor-heading-title elementor-size-default\">Food Bonds\n<\/h2>\t\t<\/div>\n\t\t\t\t<\/div>\n\t\t\t\t<div class=\"elementor-element elementor-element-f0cc63e elementor-widget elementor-widget-text-editor\" data-id=\"f0cc63e\" data-element_type=\"widget\" data-widget_type=\"text-editor.default\">\n\t\t\t\t<div class=\"elementor-widget-container\">\n\t\t\t\t\t\t\t<p>At Fundaci\u00f3n Fe we have different types of vouchers that you can give to your loved ones at special times, and that support people with cognitive disabilities.<\/p>\t\t\t\t\t\t<\/div>\n\t\t\t\t<\/div>\n\t\t\t\t\t<\/div>\n\t\t<\/div>\n\t\t\t\t<div class=\"elementor-column elementor-col-25 elementor-inner-column elementor-element elementor-element-cbd7343\" data-id=\"cbd7343\" data-element_type=\"column\">\n\t\t\t<div class=\"elementor-widget-wrap\">\n\t\t\t\t\t\t\t\t\t<\/div>\n\t\t<\/div>\n\t\t\t\t\t\t\t<\/div>\n\t\t<\/section>\n\t\t\t\t<section class=\"elementor-section elementor-inner-section elementor-element elementor-element-42edeef elementor-section-full_width elementor-section-height-default elementor-section-height-default\" data-id=\"42edeef\" data-element_type=\"section\">\n\t\t\t\t\t\t<div class=\"elementor-container elementor-column-gap-default\">\n\t\t\t\t\t<div class=\"elementor-column elementor-col-100 elementor-inner-column elementor-element elementor-element-3fc1b96\" data-id=\"3fc1b96\" data-element_type=\"column\">\n\t\t\t<div class=\"elementor-widget-wrap elementor-element-populated\">\n\t\t\t\t\t\t\t\t<div class=\"elementor-element elementor-element-4c931c6 elementor-align-center elementor-widget__width-auto elementor-widget elementor-widget-button\" data-id=\"4c931c6\" data-element_type=\"widget\" data-widget_type=\"button.default\">\n\t\t\t\t<div class=\"elementor-widget-container\">\n\t\t\t\t\t<div class=\"elementor-button-wrapper\">\n\t\t\t<a href=\"https:\/\/inclulabgt.org\/en\/metodologia\/\" class=\"elementor-button-link elementor-button elementor-size-sm\" role=\"button\">\n\t\t\t\t\t\t<span class=\"elementor-button-content-wrapper\">\n\t\t\t\t\t\t<span class=\"elementor-button-text\">Shop<\/span>\n\t\t<\/span>\n\t\t\t\t\t<\/a>\n\t\t<\/div>\n\t\t\t\t<\/div>\n\t\t\t\t<\/div>\n\t\t\t\t<div class=\"elementor-element elementor-element-1c01ea5 elementor-align-center elementor-widget__width-auto elementor-widget elementor-widget-button\" data-id=\"1c01ea5\" data-element_type=\"widget\" data-widget_type=\"button.default\">\n\t\t\t\t<div class=\"elementor-widget-container\">\n\t\t\t\t\t<div class=\"elementor-button-wrapper\">\n\t\t\t<a href=\"https:\/\/inclulabgt.org\/en\/metodologia\/\" class=\"elementor-button-link elementor-button elementor-size-sm\" role=\"button\">\n\t\t\t\t\t\t<span class=\"elementor-button-content-wrapper\">\n\t\t\t\t\t\t<span class=\"elementor-button-text\">Shop<\/span>\n\t\t<\/span>\n\t\t\t\t\t<\/a>\n\t\t<\/div>\n\t\t\t\t<\/div>\n\t\t\t\t<\/div>\n\t\t\t\t\t<\/div>\n\t\t<\/div>\n\t\t\t\t\t\t\t<\/div>\n\t\t<\/section>\n\t\t\t\t\t<\/div>\n\t\t<\/div>\n\t\t\t\t\t\t\t<\/div>\n\t\t<\/section>\n\t\t\t\t<section class=\"elementor-section elementor-top-section elementor-element elementor-element-246151e elementor-section-boxed elementor-section-height-default elementor-section-height-default\" data-id=\"246151e\" data-element_type=\"section\">\n\t\t\t\t\t\t<div class=\"elementor-container elementor-column-gap-default\">\n\t\t\t\t\t<div class=\"elementor-column elementor-col-100 elementor-top-column elementor-element elementor-element-7b33598\" data-id=\"7b33598\" data-element_type=\"column\" data-settings=\"{&quot;background_background&quot;:&quot;classic&quot;}\">\n\t\t\t<div class=\"elementor-widget-wrap elementor-element-populated\">\n\t\t\t\t\t\t\t\t<div class=\"elementor-element elementor-element-46051e5 elementor-widget elementor-widget-heading\" data-id=\"46051e5\" data-element_type=\"widget\" data-widget_type=\"heading.default\">\n\t\t\t\t<div class=\"elementor-widget-container\">\n\t\t\t<h2 class=\"elementor-heading-title elementor-size-default\">\u00bfC\u00f3mo puedes donar?<\/h2>\t\t<\/div>\n\t\t\t\t<\/div>\n\t\t\t\t<div class=\"elementor-element elementor-element-01be723 mb-1 elementor-widget elementor-widget-text-editor\" data-id=\"01be723\" data-element_type=\"widget\" data-widget_type=\"text-editor.default\">\n\t\t\t\t<div class=\"elementor-widget-container\">\n\t\t\t\t\t\t\t<p>Instrucciones de como donar<\/p>\t\t\t\t\t\t<\/div>\n\t\t\t\t<\/div>\n\t\t\t\t\t<\/div>\n\t\t<\/div>\n\t\t\t\t\t\t\t<\/div>\n\t\t<\/section>\n\t\t\t\t\t\t\t<\/div>","protected":false},"excerpt":{"rendered":"<p>\u00bfC\u00f3mo puedes ayudarnos? Tejiendo Sue\u00f1os Apoyamos la construcci\u00f3n de sue\u00f1os de personas con discapacidad cognitiva y sus familias, que no cuentan con recursos econ\u00f3micos para pagar su rehabilitaci\u00f3n. Dona tu Cumplea\u00f1os Este a\u00f1o vinc\u00falate a una causa noble por tu cumplea\u00f1os, donando el aporte de &hellip;<\/p>","protected":false},"author":2,"featured_media":0,"parent":0,"menu_order":0,"comment_status":"closed","ping_status":"closed","template":"","meta":{"footnotes":""},"class_list":["post-5867","page","type-page","status-publish","hentry"],"_links":{"self":[{"href":"https:\/\/inclulabgt.org\/en\/wp-json\/wp\/v2\/pages\/5867","targetHints":{"allow":["GET"]}}],"collection":[{"href":"https:\/\/inclulabgt.org\/en\/wp-json\/wp\/v2\/pages"}],"about":[{"href":"https:\/\/inclulabgt.org\/en\/wp-json\/wp\/v2\/types\/page"}],"author":[{"embeddable":true,"href":"https:\/\/inclulabgt.org\/en\/wp-json\/wp\/v2\/users\/2"}],"replies":[{"embeddable":true,"href":"https:\/\/inclulabgt.org\/en\/wp-json\/wp\/v2\/comments?post=5867"}],"version-history":[{"count":13,"href":"https:\/\/inclulabgt.org\/en\/wp-json\/wp\/v2\/pages\/5867\/revisions"}],"predecessor-version":[{"id":5880,"href":"https:\/\/inclulabgt.org\/en\/wp-json\/wp\/v2\/pages\/5867\/revisions\/5880"}],"wp:attachment":[{"href":"https:\/\/inclulabgt.org\/en\/wp-json\/wp\/v2\/media?parent=5867"}],"curies":[{"name":"wp","href":"https:\/\/api.w.org\/{rel}","templated":true}]}}