{"id":5615,"date":"2023-06-27T02:35:37","date_gmt":"2023-06-27T08:35:37","guid":{"rendered":"https:\/\/inclulabgt.org\/?page_id=5615"},"modified":"2023-08-15T03:43:34","modified_gmt":"2023-08-15T09:43:34","slug":"metodologia","status":"publish","type":"page","link":"https:\/\/inclulabgt.org\/en\/metodologia\/","title":{"rendered":"Methodology"},"content":{"rendered":"<div data-elementor-type=\"wp-page\" data-elementor-id=\"5615\" class=\"elementor elementor-5615\">\n\t\t\t\t\t\t\t\t\t<section class=\"elementor-section elementor-top-section elementor-element elementor-element-246151e elementor-section-boxed elementor-section-height-default elementor-section-height-default\" data-id=\"246151e\" data-element_type=\"section\">\n\t\t\t\t\t\t<div class=\"elementor-container elementor-column-gap-default\">\n\t\t\t\t\t<div class=\"elementor-column elementor-col-50 elementor-top-column elementor-element elementor-element-5c1e605\" data-id=\"5c1e605\" data-element_type=\"column\">\n\t\t\t<div class=\"elementor-widget-wrap elementor-element-populated\">\n\t\t\t\t\t\t\t\t<div class=\"elementor-element elementor-element-1dfef9e elementor-widget elementor-widget-image\" data-id=\"1dfef9e\" data-element_type=\"widget\" data-widget_type=\"image.default\">\n\t\t\t\t<div class=\"elementor-widget-container\">\n\t\t\t<style>\/*! elementor - v3.13.3 - 28-05-2023 *\/\n.elementor-widget-image{text-align:center}.elementor-widget-image a{display:inline-block}.elementor-widget-image a img[src$=\".svg\"]{width:48px}.elementor-widget-image img{vertical-align:middle;display:inline-block}<\/style>\t\t\t\t\t\t\t\t\t\t\t\t<img loading=\"lazy\" decoding=\"async\" width=\"768\" height=\"1024\" src=\"https:\/\/i0.wp.com\/inclulabgt.org\/wp-content\/uploads\/2023\/08\/Diseno-sin-titulo-2023-08-15T034324.081.jpg?fit=768%2C1024&amp;ssl=1\" class=\"attachment-large size-large wp-image-6053\" alt=\"\" srcset=\"https:\/\/i0.wp.com\/inclulabgt.org\/wp-content\/uploads\/2023\/08\/Diseno-sin-titulo-2023-08-15T034324.081.jpg?w=864&amp;ssl=1 864w, https:\/\/i0.wp.com\/inclulabgt.org\/wp-content\/uploads\/2023\/08\/Diseno-sin-titulo-2023-08-15T034324.081.jpg?resize=225%2C300&amp;ssl=1 225w, https:\/\/i0.wp.com\/inclulabgt.org\/wp-content\/uploads\/2023\/08\/Diseno-sin-titulo-2023-08-15T034324.081.jpg?resize=768%2C1024&amp;ssl=1 768w, https:\/\/i0.wp.com\/inclulabgt.org\/wp-content\/uploads\/2023\/08\/Diseno-sin-titulo-2023-08-15T034324.081.jpg?resize=9%2C12&amp;ssl=1 9w, https:\/\/i0.wp.com\/inclulabgt.org\/wp-content\/uploads\/2023\/08\/Diseno-sin-titulo-2023-08-15T034324.081.jpg?resize=60%2C80&amp;ssl=1 60w, https:\/\/i0.wp.com\/inclulabgt.org\/wp-content\/uploads\/2023\/08\/Diseno-sin-titulo-2023-08-15T034324.081.jpg?resize=110%2C147&amp;ssl=1 110w, https:\/\/i0.wp.com\/inclulabgt.org\/wp-content\/uploads\/2023\/08\/Diseno-sin-titulo-2023-08-15T034324.081.jpg?resize=600%2C800&amp;ssl=1 600w\" sizes=\"auto, (max-width: 768px) 100vw, 768px\" \/>\t\t\t\t\t\t\t\t\t\t\t\t\t\t\t<\/div>\n\t\t\t\t<\/div>\n\t\t\t\t\t<\/div>\n\t\t<\/div>\n\t\t\t\t<div class=\"elementor-column elementor-col-50 elementor-top-column elementor-element elementor-element-7b33598\" data-id=\"7b33598\" data-element_type=\"column\" data-settings=\"{&quot;background_background&quot;:&quot;classic&quot;}\">\n\t\t\t<div class=\"elementor-widget-wrap elementor-element-populated\">\n\t\t\t\t\t\t\t\t<div class=\"elementor-element elementor-element-46051e5 elementor-widget elementor-widget-heading\" data-id=\"46051e5\" data-element_type=\"widget\" data-widget_type=\"heading.default\">\n\t\t\t\t<div class=\"elementor-widget-container\">\n\t\t\t<style>\/*! elementor - v3.13.3 - 28-05-2023 *\/\n.elementor-heading-title{padding:0;margin:0;line-height:1}.elementor-widget-heading .elementor-heading-title[class*=elementor-size-]>a{color:inherit;font-size:inherit;line-height:inherit}.elementor-widget-heading .elementor-heading-title.elementor-size-small{font-size:15px}.elementor-widget-heading .elementor-heading-title.elementor-size-medium{font-size:19px}.elementor-widget-heading .elementor-heading-title.elementor-size-large{font-size:29px}.elementor-widget-heading .elementor-heading-title.elementor-size-xl{font-size:39px}.elementor-widget-heading .elementor-heading-title.elementor-size-xxl{font-size:59px}<\/style><h2 class=\"elementor-heading-title elementor-size-default\">Methodology<\/h2>\t\t<\/div>\n\t\t\t\t<\/div>\n\t\t\t\t<div class=\"elementor-element elementor-element-01be723 mb-1 elementor-widget elementor-widget-text-editor\" data-id=\"01be723\" data-element_type=\"widget\" data-widget_type=\"text-editor.default\">\n\t\t\t\t<div class=\"elementor-widget-container\">\n\t\t\t<style>\/*! elementor - v3.13.3 - 28-05-2023 *\/\n.elementor-widget-text-editor.elementor-drop-cap-view-stacked .elementor-drop-cap{background-color:#69727d;color:#fff}.elementor-widget-text-editor.elementor-drop-cap-view-framed .elementor-drop-cap{color:#69727d;border:3px solid;background-color:transparent}.elementor-widget-text-editor:not(.elementor-drop-cap-view-default) .elementor-drop-cap{margin-top:8px}.elementor-widget-text-editor:not(.elementor-drop-cap-view-default) .elementor-drop-cap-letter{width:1em;height:1em}.elementor-widget-text-editor .elementor-drop-cap{float:left;text-align:center;line-height:1;font-size:50px}.elementor-widget-text-editor .elementor-drop-cap-letter{display:inline-block}<\/style>\t\t\t\t<p>We currently operate a successful bakery and pastry shop that stands out for its focus on the comprehensive training of our young people. We are proud to have consolidated a solid presence in various establishments, such as restaurants, cafeterias and schools, where our products have achieved excellent acceptance.<\/p><p>Our main portfolio is made up of delicious champurradas, pizzas, empanadas and a variety of pastries. Through our production and distribution, we work hard to cover the costs associated with maintaining our Association, without receiving any type of government support.<\/p><p>Given the current context and the difficult economic situation that the families of our young people are going through, as well as the adversities that our country is facing, we have made the decision not to charge parents any fees so that their children can attend our center. However, we are aware that we cannot support ourselves and we need help to reach our goal of leaving no one behind.<\/p>\t\t\t\t\t\t<\/div>\n\t\t\t\t<\/div>\n\t\t\t\t\t<\/div>\n\t\t<\/div>\n\t\t\t\t\t\t\t<\/div>\n\t\t<\/section>\n\t\t\t\t<section class=\"elementor-section elementor-top-section elementor-element elementor-element-6970c35 elementor-section-boxed elementor-section-height-default elementor-section-height-default\" data-id=\"6970c35\" data-element_type=\"section\" data-settings=\"{&quot;background_background&quot;:&quot;classic&quot;}\">\n\t\t\t\t\t\t<div class=\"elementor-container elementor-column-gap-default\">\n\t\t\t\t\t<div class=\"elementor-column elementor-col-100 elementor-top-column elementor-element elementor-element-5cbdc9f\" data-id=\"5cbdc9f\" data-element_type=\"column\">\n\t\t\t<div class=\"elementor-widget-wrap elementor-element-populated\">\n\t\t\t\t\t\t\t\t<div class=\"elementor-element elementor-element-921f814 elementor-widget elementor-widget-heading\" data-id=\"921f814\" data-element_type=\"widget\" data-widget_type=\"heading.default\">\n\t\t\t\t<div class=\"elementor-widget-container\">\n\t\t\t<h2 class=\"elementor-heading-title elementor-size-default\">Meet our <span style=\"color: #01844e;\">association<\/span><\/h2>\t\t<\/div>\n\t\t\t\t<\/div>\n\t\t\t\t<section class=\"elementor-section elementor-inner-section elementor-element elementor-element-9229f0b elementor-section-boxed elementor-section-height-default elementor-section-height-default\" data-id=\"9229f0b\" data-element_type=\"section\">\n\t\t\t\t\t\t<div class=\"elementor-container elementor-column-gap-default\">\n\t\t\t\t\t<div class=\"elementor-column elementor-col-25 elementor-inner-column elementor-element elementor-element-fe6ab3f\" data-id=\"fe6ab3f\" data-element_type=\"column\">\n\t\t\t<div class=\"elementor-widget-wrap elementor-element-populated\">\n\t\t\t\t\t\t\t\t<div class=\"elementor-element elementor-element-2952288 elementor-widget elementor-widget-image\" data-id=\"2952288\" data-element_type=\"widget\" data-widget_type=\"image.default\">\n\t\t\t\t<div class=\"elementor-widget-container\">\n\t\t\t\t\t\t\t\t\t\t\t\t\t\t\t<img loading=\"lazy\" decoding=\"async\" width=\"300\" height=\"171\" src=\"https:\/\/i0.wp.com\/inclulabgt.org\/wp-content\/uploads\/2023\/06\/Diseno-sin-titulo-2023-06-27T015603.279.jpg?fit=300%2C171&amp;ssl=1\" class=\"attachment-medium size-medium wp-image-5561\" alt=\"\" srcset=\"https:\/\/i0.wp.com\/inclulabgt.org\/wp-content\/uploads\/2023\/06\/Diseno-sin-titulo-2023-06-27T015603.279.jpg?w=700&amp;ssl=1 700w, https:\/\/i0.wp.com\/inclulabgt.org\/wp-content\/uploads\/2023\/06\/Diseno-sin-titulo-2023-06-27T015603.279.jpg?resize=600%2C343&amp;ssl=1 600w, https:\/\/i0.wp.com\/inclulabgt.org\/wp-content\/uploads\/2023\/06\/Diseno-sin-titulo-2023-06-27T015603.279.jpg?resize=300%2C171&amp;ssl=1 300w\" sizes=\"auto, (max-width: 300px) 100vw, 300px\" \/>\t\t\t\t\t\t\t\t\t\t\t\t\t\t\t<\/div>\n\t\t\t\t<\/div>\n\t\t\t\t<div class=\"elementor-element elementor-element-cb33123 elementor-widget elementor-widget-heading\" data-id=\"cb33123\" data-element_type=\"widget\" data-widget_type=\"heading.default\">\n\t\t\t\t<div class=\"elementor-widget-container\">\n\t\t\t<h2 class=\"elementor-heading-title elementor-size-default\"><a href=\"https:\/\/inclulabgt.org\/en\/seguros-para-mi\/\">aid programs<\/a><\/h2>\t\t<\/div>\n\t\t\t\t<\/div>\n\t\t\t\t<div class=\"elementor-element elementor-element-96c43ae elementor-align-center elementor-widget elementor-widget-button\" data-id=\"96c43ae\" data-element_type=\"widget\" data-widget_type=\"button.default\">\n\t\t\t\t<div class=\"elementor-widget-container\">\n\t\t\t\t\t<div class=\"elementor-button-wrapper\">\n\t\t\t<a href=\"https:\/\/inclulabgt.org\/en\/programas\/\" class=\"elementor-button-link elementor-button elementor-size-sm\" role=\"button\">\n\t\t\t\t\t\t<span class=\"elementor-button-content-wrapper\">\n\t\t\t\t\t\t<span class=\"elementor-button-text\">see more<\/span>\n\t\t<\/span>\n\t\t\t\t\t<\/a>\n\t\t<\/div>\n\t\t\t\t<\/div>\n\t\t\t\t<\/div>\n\t\t\t\t\t<\/div>\n\t\t<\/div>\n\t\t\t\t<div class=\"elementor-column elementor-col-25 elementor-inner-column elementor-element elementor-element-d9ea910\" data-id=\"d9ea910\" data-element_type=\"column\">\n\t\t\t<div class=\"elementor-widget-wrap elementor-element-populated\">\n\t\t\t\t\t\t\t\t<div class=\"elementor-element elementor-element-5903e82 elementor-widget elementor-widget-image\" data-id=\"5903e82\" data-element_type=\"widget\" data-widget_type=\"image.default\">\n\t\t\t\t<div class=\"elementor-widget-container\">\n\t\t\t\t\t\t\t\t\t\t\t\t\t\t\t<img loading=\"lazy\" decoding=\"async\" width=\"700\" height=\"400\" src=\"https:\/\/i0.wp.com\/inclulabgt.org\/wp-content\/uploads\/2023\/06\/Diseno-sin-titulo-2023-06-27T015630.797.jpg?fit=700%2C400&amp;ssl=1\" class=\"attachment-full size-full wp-image-5562\" alt=\"\" srcset=\"https:\/\/i0.wp.com\/inclulabgt.org\/wp-content\/uploads\/2023\/06\/Diseno-sin-titulo-2023-06-27T015630.797.jpg?w=700&amp;ssl=1 700w, https:\/\/i0.wp.com\/inclulabgt.org\/wp-content\/uploads\/2023\/06\/Diseno-sin-titulo-2023-06-27T015630.797.jpg?resize=600%2C343&amp;ssl=1 600w, https:\/\/i0.wp.com\/inclulabgt.org\/wp-content\/uploads\/2023\/06\/Diseno-sin-titulo-2023-06-27T015630.797.jpg?resize=300%2C171&amp;ssl=1 300w\" sizes=\"auto, (max-width: 700px) 100vw, 700px\" \/>\t\t\t\t\t\t\t\t\t\t\t\t\t\t\t<\/div>\n\t\t\t\t<\/div>\n\t\t\t\t<div class=\"elementor-element elementor-element-c364668 elementor-widget elementor-widget-heading\" data-id=\"c364668\" data-element_type=\"widget\" data-widget_type=\"heading.default\">\n\t\t\t\t<div class=\"elementor-widget-container\">\n\t\t\t<h2 class=\"elementor-heading-title elementor-size-default\">Value proposal<\/h2>\t\t<\/div>\n\t\t\t\t<\/div>\n\t\t\t\t<div class=\"elementor-element elementor-element-ffe51ec elementor-align-center elementor-widget elementor-widget-button\" data-id=\"ffe51ec\" data-element_type=\"widget\" data-widget_type=\"button.default\">\n\t\t\t\t<div class=\"elementor-widget-container\">\n\t\t\t\t\t<div class=\"elementor-button-wrapper\">\n\t\t\t<a href=\"https:\/\/inclulabgt.org\/en\/propuesta\/\" class=\"elementor-button-link elementor-button elementor-size-sm\" role=\"button\">\n\t\t\t\t\t\t<span class=\"elementor-button-content-wrapper\">\n\t\t\t\t\t\t<span class=\"elementor-button-text\">see more<\/span>\n\t\t<\/span>\n\t\t\t\t\t<\/a>\n\t\t<\/div>\n\t\t\t\t<\/div>\n\t\t\t\t<\/div>\n\t\t\t\t\t<\/div>\n\t\t<\/div>\n\t\t\t\t<div class=\"elementor-column elementor-col-25 elementor-inner-column elementor-element elementor-element-f25dcb9\" data-id=\"f25dcb9\" data-element_type=\"column\">\n\t\t\t<div class=\"elementor-widget-wrap elementor-element-populated\">\n\t\t\t\t\t\t\t\t<div class=\"elementor-element elementor-element-c1c3f79 elementor-widget elementor-widget-image\" data-id=\"c1c3f79\" data-element_type=\"widget\" data-widget_type=\"image.default\">\n\t\t\t\t<div class=\"elementor-widget-container\">\n\t\t\t\t\t\t\t\t\t\t\t\t\t\t\t<img loading=\"lazy\" decoding=\"async\" width=\"700\" height=\"400\" src=\"https:\/\/i0.wp.com\/inclulabgt.org\/wp-content\/uploads\/2023\/06\/Diseno-sin-titulo-2023-06-27T015655.458.jpg?fit=700%2C400&amp;ssl=1\" class=\"attachment-full size-full wp-image-5563\" alt=\"\" srcset=\"https:\/\/i0.wp.com\/inclulabgt.org\/wp-content\/uploads\/2023\/06\/Diseno-sin-titulo-2023-06-27T015655.458.jpg?w=700&amp;ssl=1 700w, https:\/\/i0.wp.com\/inclulabgt.org\/wp-content\/uploads\/2023\/06\/Diseno-sin-titulo-2023-06-27T015655.458.jpg?resize=600%2C343&amp;ssl=1 600w, https:\/\/i0.wp.com\/inclulabgt.org\/wp-content\/uploads\/2023\/06\/Diseno-sin-titulo-2023-06-27T015655.458.jpg?resize=300%2C171&amp;ssl=1 300w\" sizes=\"auto, (max-width: 700px) 100vw, 700px\" \/>\t\t\t\t\t\t\t\t\t\t\t\t\t\t\t<\/div>\n\t\t\t\t<\/div>\n\t\t\t\t<div class=\"elementor-element elementor-element-3289ac0 elementor-widget elementor-widget-heading\" data-id=\"3289ac0\" data-element_type=\"widget\" data-widget_type=\"heading.default\">\n\t\t\t\t<div class=\"elementor-widget-container\">\n\t\t\t<h2 class=\"elementor-heading-title elementor-size-default\">Methodology<\/h2>\t\t<\/div>\n\t\t\t\t<\/div>\n\t\t\t\t<div class=\"elementor-element elementor-element-acc3f6b elementor-align-center elementor-widget elementor-widget-button\" data-id=\"acc3f6b\" data-element_type=\"widget\" data-widget_type=\"button.default\">\n\t\t\t\t<div class=\"elementor-widget-container\">\n\t\t\t\t\t<div class=\"elementor-button-wrapper\">\n\t\t\t<a href=\"https:\/\/inclulabgt.org\/en\/metodologia\/\" class=\"elementor-button-link elementor-button elementor-size-sm\" role=\"button\">\n\t\t\t\t\t\t<span class=\"elementor-button-content-wrapper\">\n\t\t\t\t\t\t<span class=\"elementor-button-text\">see more<\/span>\n\t\t<\/span>\n\t\t\t\t\t<\/a>\n\t\t<\/div>\n\t\t\t\t<\/div>\n\t\t\t\t<\/div>\n\t\t\t\t\t<\/div>\n\t\t<\/div>\n\t\t\t\t<div class=\"elementor-column elementor-col-25 elementor-inner-column elementor-element elementor-element-f6d65ad\" data-id=\"f6d65ad\" data-element_type=\"column\">\n\t\t\t<div class=\"elementor-widget-wrap elementor-element-populated\">\n\t\t\t\t\t\t\t\t<div class=\"elementor-element elementor-element-874b47b elementor-widget elementor-widget-image\" data-id=\"874b47b\" data-element_type=\"widget\" data-widget_type=\"image.default\">\n\t\t\t\t<div class=\"elementor-widget-container\">\n\t\t\t\t\t\t\t\t\t\t\t\t\t\t\t<img loading=\"lazy\" decoding=\"async\" width=\"700\" height=\"400\" src=\"https:\/\/i0.wp.com\/inclulabgt.org\/wp-content\/uploads\/2023\/06\/Diseno-sin-titulo-2023-06-27T015728.147.jpg?fit=700%2C400&amp;ssl=1\" class=\"attachment-full size-full wp-image-5564\" alt=\"\" srcset=\"https:\/\/i0.wp.com\/inclulabgt.org\/wp-content\/uploads\/2023\/06\/Diseno-sin-titulo-2023-06-27T015728.147.jpg?w=700&amp;ssl=1 700w, https:\/\/i0.wp.com\/inclulabgt.org\/wp-content\/uploads\/2023\/06\/Diseno-sin-titulo-2023-06-27T015728.147.jpg?resize=600%2C343&amp;ssl=1 600w, https:\/\/i0.wp.com\/inclulabgt.org\/wp-content\/uploads\/2023\/06\/Diseno-sin-titulo-2023-06-27T015728.147.jpg?resize=300%2C171&amp;ssl=1 300w\" sizes=\"auto, (max-width: 700px) 100vw, 700px\" \/>\t\t\t\t\t\t\t\t\t\t\t\t\t\t\t<\/div>\n\t\t\t\t<\/div>\n\t\t\t\t<div class=\"elementor-element elementor-element-901aa5c elementor-widget elementor-widget-heading\" data-id=\"901aa5c\" data-element_type=\"widget\" data-widget_type=\"heading.default\">\n\t\t\t\t<div class=\"elementor-widget-container\">\n\t\t\t<h2 class=\"elementor-heading-title elementor-size-default\">Gallery <\/h2>\t\t<\/div>\n\t\t\t\t<\/div>\n\t\t\t\t<div class=\"elementor-element elementor-element-4bce46b elementor-align-center elementor-widget elementor-widget-button\" data-id=\"4bce46b\" data-element_type=\"widget\" data-widget_type=\"button.default\">\n\t\t\t\t<div class=\"elementor-widget-container\">\n\t\t\t\t\t<div class=\"elementor-button-wrapper\">\n\t\t\t<a href=\"https:\/\/inclulabgt.org\/en\/galeria\/\" class=\"elementor-button-link elementor-button elementor-size-sm\" role=\"button\">\n\t\t\t\t\t\t<span class=\"elementor-button-content-wrapper\">\n\t\t\t\t\t\t<span class=\"elementor-button-text\">see more<\/span>\n\t\t<\/span>\n\t\t\t\t\t<\/a>\n\t\t<\/div>\n\t\t\t\t<\/div>\n\t\t\t\t<\/div>\n\t\t\t\t\t<\/div>\n\t\t<\/div>\n\t\t\t\t\t\t\t<\/div>\n\t\t<\/section>\n\t\t\t\t\t<\/div>\n\t\t<\/div>\n\t\t\t\t\t\t\t<\/div>\n\t\t<\/section>\n\t\t\t\t<section class=\"elementor-section elementor-top-section elementor-element elementor-element-cd4f9ae elementor-section-boxed elementor-section-height-default elementor-section-height-default\" data-id=\"cd4f9ae\" data-element_type=\"section\">\n\t\t\t\t\t\t<div class=\"elementor-container elementor-column-gap-default\">\n\t\t\t\t\t<div class=\"elementor-column elementor-col-100 elementor-top-column elementor-element elementor-element-5bc819d\" data-id=\"5bc819d\" data-element_type=\"column\">\n\t\t\t<div class=\"elementor-widget-wrap elementor-element-populated\">\n\t\t\t\t\t\t\t\t<section class=\"elementor-section elementor-inner-section elementor-element elementor-element-a9d60c7 elementor-section-boxed elementor-section-height-default elementor-section-height-default\" data-id=\"a9d60c7\" data-element_type=\"section\" data-settings=\"{&quot;background_background&quot;:&quot;classic&quot;}\">\n\t\t\t\t\t\t<div class=\"elementor-container elementor-column-gap-default\">\n\t\t\t\t\t<div class=\"elementor-column elementor-col-50 elementor-inner-column elementor-element elementor-element-1d75c1d\" data-id=\"1d75c1d\" data-element_type=\"column\">\n\t\t\t<div class=\"elementor-widget-wrap elementor-element-populated\">\n\t\t\t\t\t\t\t\t<div class=\"elementor-element elementor-element-2e4cfb3 elementor-widget elementor-widget-heading\" data-id=\"2e4cfb3\" data-element_type=\"widget\" data-widget_type=\"heading.default\">\n\t\t\t\t<div class=\"elementor-widget-container\">\n\t\t\t<h2 class=\"elementor-heading-title elementor-size-default\">With the purchase of our delicious products that we make help us obtain  <span class=\"text-primary\">our own income. <\/span><\/h2>\t\t<\/div>\n\t\t\t\t<\/div>\n\t\t\t\t\t<\/div>\n\t\t<\/div>\n\t\t\t\t<div class=\"elementor-column elementor-col-50 elementor-inner-column elementor-element elementor-element-727b628\" data-id=\"727b628\" data-element_type=\"column\">\n\t\t\t<div class=\"elementor-widget-wrap elementor-element-populated\">\n\t\t\t\t\t\t\t\t<div class=\"elementor-element elementor-element-31229ad elementor-align-center elementor-widget elementor-widget-button\" data-id=\"31229ad\" data-element_type=\"widget\" data-widget_type=\"button.default\">\n\t\t\t\t<div class=\"elementor-widget-container\">\n\t\t\t\t\t<div class=\"elementor-button-wrapper\">\n\t\t\t<a href=\"https:\/\/inclulabgt.org\/en\/shop\/\" class=\"elementor-button-link elementor-button elementor-size-sm\" role=\"button\">\n\t\t\t\t\t\t<span class=\"elementor-button-content-wrapper\">\n\t\t\t\t\t\t<span class=\"elementor-button-text\">go to store<\/span>\n\t\t<\/span>\n\t\t\t\t\t<\/a>\n\t\t<\/div>\n\t\t\t\t<\/div>\n\t\t\t\t<\/div>\n\t\t\t\t\t<\/div>\n\t\t<\/div>\n\t\t\t\t\t\t\t<\/div>\n\t\t<\/section>\n\t\t\t\t\t<\/div>\n\t\t<\/div>\n\t\t\t\t\t\t\t<\/div>\n\t\t<\/section>\n\t\t\t\t\t\t\t<\/div>","protected":false},"excerpt":{"rendered":"<p>Metodolog\u00eda Actualmente operamos una exitosa panader\u00eda y reposter\u00eda que se destaca por su enfoque en la formaci\u00f3n integral de nuestros j\u00f3venes. Nos enorgullece haber consolidado una s\u00f3lida presencia en diversos establecimientos, como restaurantes, cafeter\u00edas y colegios, donde nuestros productos han logrado una excelente aceptaci\u00f3n. Nuestro &hellip;<\/p>","protected":false},"author":2,"featured_media":0,"parent":0,"menu_order":0,"comment_status":"closed","ping_status":"closed","template":"","meta":{"footnotes":""},"class_list":["post-5615","page","type-page","status-publish","hentry"],"_links":{"self":[{"href":"https:\/\/inclulabgt.org\/en\/wp-json\/wp\/v2\/pages\/5615","targetHints":{"allow":["GET"]}}],"collection":[{"href":"https:\/\/inclulabgt.org\/en\/wp-json\/wp\/v2\/pages"}],"about":[{"href":"https:\/\/inclulabgt.org\/en\/wp-json\/wp\/v2\/types\/page"}],"author":[{"embeddable":true,"href":"https:\/\/inclulabgt.org\/en\/wp-json\/wp\/v2\/users\/2"}],"replies":[{"embeddable":true,"href":"https:\/\/inclulabgt.org\/en\/wp-json\/wp\/v2\/comments?post=5615"}],"version-history":[{"count":16,"href":"https:\/\/inclulabgt.org\/en\/wp-json\/wp\/v2\/pages\/5615\/revisions"}],"predecessor-version":[{"id":6056,"href":"https:\/\/inclulabgt.org\/en\/wp-json\/wp\/v2\/pages\/5615\/revisions\/6056"}],"wp:attachment":[{"href":"https:\/\/inclulabgt.org\/en\/wp-json\/wp\/v2\/media?parent=5615"}],"curies":[{"name":"wp","href":"https:\/\/api.w.org\/{rel}","templated":true}]}}