{"id":5606,"date":"2023-06-27T02:33:49","date_gmt":"2023-06-27T08:33:49","guid":{"rendered":"https:\/\/inclulabgt.org\/?page_id=5606"},"modified":"2023-08-15T03:18:53","modified_gmt":"2023-08-15T09:18:53","slug":"programas","status":"publish","type":"page","link":"https:\/\/inclulabgt.org\/en\/programas\/","title":{"rendered":"Programs"},"content":{"rendered":"<div data-elementor-type=\"wp-page\" data-elementor-id=\"5606\" class=\"elementor elementor-5606\">\n\t\t\t\t\t\t\t\t\t<section class=\"elementor-section elementor-top-section elementor-element elementor-element-246151e elementor-section-boxed elementor-section-height-default elementor-section-height-default\" data-id=\"246151e\" data-element_type=\"section\">\n\t\t\t\t\t\t<div class=\"elementor-container elementor-column-gap-default\">\n\t\t\t\t\t<div class=\"elementor-column elementor-col-100 elementor-top-column elementor-element elementor-element-7b33598\" data-id=\"7b33598\" data-element_type=\"column\" data-settings=\"{&quot;background_background&quot;:&quot;classic&quot;}\">\n\t\t\t<div class=\"elementor-widget-wrap elementor-element-populated\">\n\t\t\t\t\t\t\t\t<div class=\"elementor-element elementor-element-46051e5 elementor-widget elementor-widget-heading\" data-id=\"46051e5\" data-element_type=\"widget\" data-widget_type=\"heading.default\">\n\t\t\t\t<div class=\"elementor-widget-container\">\n\t\t\t<style>\/*! elementor - v3.13.3 - 28-05-2023 *\/\n.elementor-heading-title{padding:0;margin:0;line-height:1}.elementor-widget-heading .elementor-heading-title[class*=elementor-size-]>a{color:inherit;font-size:inherit;line-height:inherit}.elementor-widget-heading .elementor-heading-title.elementor-size-small{font-size:15px}.elementor-widget-heading .elementor-heading-title.elementor-size-medium{font-size:19px}.elementor-widget-heading .elementor-heading-title.elementor-size-large{font-size:29px}.elementor-widget-heading .elementor-heading-title.elementor-size-xl{font-size:39px}.elementor-widget-heading .elementor-heading-title.elementor-size-xxl{font-size:59px}<\/style><h2 class=\"elementor-heading-title elementor-size-default\">Our Programs<\/h2>\t\t<\/div>\n\t\t\t\t<\/div>\n\t\t\t\t<div class=\"elementor-element elementor-element-01be723 mb-1 elementor-widget elementor-widget-text-editor\" data-id=\"01be723\" data-element_type=\"widget\" data-widget_type=\"text-editor.default\">\n\t\t\t\t<div class=\"elementor-widget-container\">\n\t\t\t<style>\/*! elementor - v3.13.3 - 28-05-2023 *\/\n.elementor-widget-text-editor.elementor-drop-cap-view-stacked .elementor-drop-cap{background-color:#69727d;color:#fff}.elementor-widget-text-editor.elementor-drop-cap-view-framed .elementor-drop-cap{color:#69727d;border:3px solid;background-color:transparent}.elementor-widget-text-editor:not(.elementor-drop-cap-view-default) .elementor-drop-cap{margin-top:8px}.elementor-widget-text-editor:not(.elementor-drop-cap-view-default) .elementor-drop-cap-letter{width:1em;height:1em}.elementor-widget-text-editor .elementor-drop-cap{float:left;text-align:center;line-height:1;font-size:50px}.elementor-widget-text-editor .elementor-drop-cap-letter{display:inline-block}<\/style>\t\t\t\t<p>Within our complete training program, we offer a variety of courses specifically designed to meet the needs and conditions of our young people with disabilities. These courses include:<\/p><p><strong>Basic skills development:<\/strong> Reading, writing and personal hygiene practices.<\/p><p><strong>Adapted computing:<\/strong> We provide teaching in the field of computing, adapted to the abilities of each student.<\/p><p><strong>Inclusive pastry:<\/strong> Our baking course is designed to allow young people to develop culinary and creative skills, fostering their independence and confidence.<\/p><p><strong>music therapy:<\/strong> Through music, our young people explore and develop emotional, cognitive and motor skills, promoting their comprehensive well-being.<\/p><p><strong>inclusive art:<\/strong> Our art program provides a space where young people can express themselves freely, stimulating their creativity and exploring various forms of artistic expression.<\/p><p><strong>Inclusive sport:<\/strong> Through adapted sports activities, our young people improve their motor coordination and enjoy the physical and emotional benefits that physical activity provides.<\/p><p><strong>Each course is carefully designed to guarantee an educational and enriching experience, adapted to the abilities and potential of our students with disabilities.<\/strong><\/p>\t\t\t\t\t\t<\/div>\n\t\t\t\t<\/div>\n\t\t\t\t\t<\/div>\n\t\t<\/div>\n\t\t\t\t\t\t\t<\/div>\n\t\t<\/section>\n\t\t\t\t<section class=\"elementor-section elementor-top-section elementor-element elementor-element-6970c35 elementor-section-boxed elementor-section-height-default elementor-section-height-default\" data-id=\"6970c35\" data-element_type=\"section\" data-settings=\"{&quot;background_background&quot;:&quot;classic&quot;}\">\n\t\t\t\t\t\t<div class=\"elementor-container elementor-column-gap-default\">\n\t\t\t\t\t<div class=\"elementor-column elementor-col-100 elementor-top-column elementor-element elementor-element-5cbdc9f\" data-id=\"5cbdc9f\" data-element_type=\"column\">\n\t\t\t<div class=\"elementor-widget-wrap elementor-element-populated\">\n\t\t\t\t\t\t\t\t<div class=\"elementor-element elementor-element-921f814 elementor-widget elementor-widget-heading\" data-id=\"921f814\" data-element_type=\"widget\" data-widget_type=\"heading.default\">\n\t\t\t\t<div class=\"elementor-widget-container\">\n\t\t\t<h2 class=\"elementor-heading-title elementor-size-default\">Meet our <span style=\"color: #01844e;\">association<\/span><\/h2>\t\t<\/div>\n\t\t\t\t<\/div>\n\t\t\t\t<section class=\"elementor-section elementor-inner-section elementor-element elementor-element-9229f0b elementor-section-boxed elementor-section-height-default elementor-section-height-default\" data-id=\"9229f0b\" data-element_type=\"section\">\n\t\t\t\t\t\t<div class=\"elementor-container elementor-column-gap-default\">\n\t\t\t\t\t<div class=\"elementor-column elementor-col-25 elementor-inner-column elementor-element elementor-element-fe6ab3f\" data-id=\"fe6ab3f\" data-element_type=\"column\">\n\t\t\t<div class=\"elementor-widget-wrap elementor-element-populated\">\n\t\t\t\t\t\t\t\t<div class=\"elementor-element elementor-element-2952288 elementor-widget elementor-widget-image\" data-id=\"2952288\" data-element_type=\"widget\" data-widget_type=\"image.default\">\n\t\t\t\t<div class=\"elementor-widget-container\">\n\t\t\t<style>\/*! elementor - v3.13.3 - 28-05-2023 *\/\n.elementor-widget-image{text-align:center}.elementor-widget-image a{display:inline-block}.elementor-widget-image a img[src$=\".svg\"]{width:48px}.elementor-widget-image img{vertical-align:middle;display:inline-block}<\/style>\t\t\t\t\t\t\t\t\t\t\t\t<img loading=\"lazy\" decoding=\"async\" width=\"300\" height=\"171\" src=\"https:\/\/i0.wp.com\/inclulabgt.org\/wp-content\/uploads\/2023\/06\/Diseno-sin-titulo-2023-06-27T015603.279.jpg?fit=300%2C171&amp;ssl=1\" class=\"attachment-medium size-medium wp-image-5561\" alt=\"\" srcset=\"https:\/\/i0.wp.com\/inclulabgt.org\/wp-content\/uploads\/2023\/06\/Diseno-sin-titulo-2023-06-27T015603.279.jpg?w=700&amp;ssl=1 700w, https:\/\/i0.wp.com\/inclulabgt.org\/wp-content\/uploads\/2023\/06\/Diseno-sin-titulo-2023-06-27T015603.279.jpg?resize=600%2C343&amp;ssl=1 600w, https:\/\/i0.wp.com\/inclulabgt.org\/wp-content\/uploads\/2023\/06\/Diseno-sin-titulo-2023-06-27T015603.279.jpg?resize=300%2C171&amp;ssl=1 300w\" sizes=\"auto, (max-width: 300px) 100vw, 300px\" \/>\t\t\t\t\t\t\t\t\t\t\t\t\t\t\t<\/div>\n\t\t\t\t<\/div>\n\t\t\t\t<div class=\"elementor-element elementor-element-cb33123 elementor-widget elementor-widget-heading\" data-id=\"cb33123\" data-element_type=\"widget\" data-widget_type=\"heading.default\">\n\t\t\t\t<div class=\"elementor-widget-container\">\n\t\t\t<h2 class=\"elementor-heading-title elementor-size-default\"><a href=\"https:\/\/inclulabgt.org\/en\/seguros-para-mi\/\">aid programs<\/a><\/h2>\t\t<\/div>\n\t\t\t\t<\/div>\n\t\t\t\t<div class=\"elementor-element elementor-element-96c43ae elementor-align-center elementor-widget elementor-widget-button\" data-id=\"96c43ae\" data-element_type=\"widget\" data-widget_type=\"button.default\">\n\t\t\t\t<div class=\"elementor-widget-container\">\n\t\t\t\t\t<div class=\"elementor-button-wrapper\">\n\t\t\t<a href=\"https:\/\/inclulabgt.org\/en\/programas\/\" class=\"elementor-button-link elementor-button elementor-size-sm\" role=\"button\">\n\t\t\t\t\t\t<span class=\"elementor-button-content-wrapper\">\n\t\t\t\t\t\t<span class=\"elementor-button-text\">see more<\/span>\n\t\t<\/span>\n\t\t\t\t\t<\/a>\n\t\t<\/div>\n\t\t\t\t<\/div>\n\t\t\t\t<\/div>\n\t\t\t\t\t<\/div>\n\t\t<\/div>\n\t\t\t\t<div class=\"elementor-column elementor-col-25 elementor-inner-column elementor-element elementor-element-d9ea910\" data-id=\"d9ea910\" data-element_type=\"column\">\n\t\t\t<div class=\"elementor-widget-wrap elementor-element-populated\">\n\t\t\t\t\t\t\t\t<div class=\"elementor-element elementor-element-5903e82 elementor-widget elementor-widget-image\" data-id=\"5903e82\" data-element_type=\"widget\" data-widget_type=\"image.default\">\n\t\t\t\t<div class=\"elementor-widget-container\">\n\t\t\t\t\t\t\t\t\t\t\t\t\t\t\t<img loading=\"lazy\" decoding=\"async\" width=\"700\" height=\"400\" src=\"https:\/\/i0.wp.com\/inclulabgt.org\/wp-content\/uploads\/2023\/06\/Diseno-sin-titulo-2023-06-27T015630.797.jpg?fit=700%2C400&amp;ssl=1\" class=\"attachment-full size-full wp-image-5562\" alt=\"\" srcset=\"https:\/\/i0.wp.com\/inclulabgt.org\/wp-content\/uploads\/2023\/06\/Diseno-sin-titulo-2023-06-27T015630.797.jpg?w=700&amp;ssl=1 700w, https:\/\/i0.wp.com\/inclulabgt.org\/wp-content\/uploads\/2023\/06\/Diseno-sin-titulo-2023-06-27T015630.797.jpg?resize=600%2C343&amp;ssl=1 600w, https:\/\/i0.wp.com\/inclulabgt.org\/wp-content\/uploads\/2023\/06\/Diseno-sin-titulo-2023-06-27T015630.797.jpg?resize=300%2C171&amp;ssl=1 300w\" sizes=\"auto, (max-width: 700px) 100vw, 700px\" \/>\t\t\t\t\t\t\t\t\t\t\t\t\t\t\t<\/div>\n\t\t\t\t<\/div>\n\t\t\t\t<div class=\"elementor-element elementor-element-c364668 elementor-widget elementor-widget-heading\" data-id=\"c364668\" data-element_type=\"widget\" data-widget_type=\"heading.default\">\n\t\t\t\t<div class=\"elementor-widget-container\">\n\t\t\t<h2 class=\"elementor-heading-title elementor-size-default\">Value proposal<\/h2>\t\t<\/div>\n\t\t\t\t<\/div>\n\t\t\t\t<div class=\"elementor-element elementor-element-ffe51ec elementor-align-center elementor-widget elementor-widget-button\" data-id=\"ffe51ec\" data-element_type=\"widget\" data-widget_type=\"button.default\">\n\t\t\t\t<div class=\"elementor-widget-container\">\n\t\t\t\t\t<div class=\"elementor-button-wrapper\">\n\t\t\t<a href=\"https:\/\/inclulabgt.org\/en\/propuesta\/\" class=\"elementor-button-link elementor-button elementor-size-sm\" role=\"button\">\n\t\t\t\t\t\t<span class=\"elementor-button-content-wrapper\">\n\t\t\t\t\t\t<span class=\"elementor-button-text\">see more<\/span>\n\t\t<\/span>\n\t\t\t\t\t<\/a>\n\t\t<\/div>\n\t\t\t\t<\/div>\n\t\t\t\t<\/div>\n\t\t\t\t\t<\/div>\n\t\t<\/div>\n\t\t\t\t<div class=\"elementor-column elementor-col-25 elementor-inner-column elementor-element elementor-element-f25dcb9\" data-id=\"f25dcb9\" data-element_type=\"column\">\n\t\t\t<div class=\"elementor-widget-wrap elementor-element-populated\">\n\t\t\t\t\t\t\t\t<div class=\"elementor-element elementor-element-c1c3f79 elementor-widget elementor-widget-image\" data-id=\"c1c3f79\" data-element_type=\"widget\" data-widget_type=\"image.default\">\n\t\t\t\t<div class=\"elementor-widget-container\">\n\t\t\t\t\t\t\t\t\t\t\t\t\t\t\t<img loading=\"lazy\" decoding=\"async\" width=\"700\" height=\"400\" src=\"https:\/\/i0.wp.com\/inclulabgt.org\/wp-content\/uploads\/2023\/06\/Diseno-sin-titulo-2023-06-27T015655.458.jpg?fit=700%2C400&amp;ssl=1\" class=\"attachment-full size-full wp-image-5563\" alt=\"\" srcset=\"https:\/\/i0.wp.com\/inclulabgt.org\/wp-content\/uploads\/2023\/06\/Diseno-sin-titulo-2023-06-27T015655.458.jpg?w=700&amp;ssl=1 700w, https:\/\/i0.wp.com\/inclulabgt.org\/wp-content\/uploads\/2023\/06\/Diseno-sin-titulo-2023-06-27T015655.458.jpg?resize=600%2C343&amp;ssl=1 600w, https:\/\/i0.wp.com\/inclulabgt.org\/wp-content\/uploads\/2023\/06\/Diseno-sin-titulo-2023-06-27T015655.458.jpg?resize=300%2C171&amp;ssl=1 300w\" sizes=\"auto, (max-width: 700px) 100vw, 700px\" \/>\t\t\t\t\t\t\t\t\t\t\t\t\t\t\t<\/div>\n\t\t\t\t<\/div>\n\t\t\t\t<div class=\"elementor-element elementor-element-3289ac0 elementor-widget elementor-widget-heading\" data-id=\"3289ac0\" data-element_type=\"widget\" data-widget_type=\"heading.default\">\n\t\t\t\t<div class=\"elementor-widget-container\">\n\t\t\t<h2 class=\"elementor-heading-title elementor-size-default\">Methodology<\/h2>\t\t<\/div>\n\t\t\t\t<\/div>\n\t\t\t\t<div class=\"elementor-element elementor-element-acc3f6b elementor-align-center elementor-widget elementor-widget-button\" data-id=\"acc3f6b\" data-element_type=\"widget\" data-widget_type=\"button.default\">\n\t\t\t\t<div class=\"elementor-widget-container\">\n\t\t\t\t\t<div class=\"elementor-button-wrapper\">\n\t\t\t<a href=\"https:\/\/inclulabgt.org\/en\/metodologia\/\" class=\"elementor-button-link elementor-button elementor-size-sm\" role=\"button\">\n\t\t\t\t\t\t<span class=\"elementor-button-content-wrapper\">\n\t\t\t\t\t\t<span class=\"elementor-button-text\">see more<\/span>\n\t\t<\/span>\n\t\t\t\t\t<\/a>\n\t\t<\/div>\n\t\t\t\t<\/div>\n\t\t\t\t<\/div>\n\t\t\t\t\t<\/div>\n\t\t<\/div>\n\t\t\t\t<div class=\"elementor-column elementor-col-25 elementor-inner-column elementor-element elementor-element-f6d65ad\" data-id=\"f6d65ad\" data-element_type=\"column\">\n\t\t\t<div class=\"elementor-widget-wrap elementor-element-populated\">\n\t\t\t\t\t\t\t\t<div class=\"elementor-element elementor-element-874b47b elementor-widget elementor-widget-image\" data-id=\"874b47b\" data-element_type=\"widget\" data-widget_type=\"image.default\">\n\t\t\t\t<div class=\"elementor-widget-container\">\n\t\t\t\t\t\t\t\t\t\t\t\t\t\t\t<img loading=\"lazy\" decoding=\"async\" width=\"700\" height=\"400\" src=\"https:\/\/i0.wp.com\/inclulabgt.org\/wp-content\/uploads\/2023\/06\/Diseno-sin-titulo-2023-06-27T015728.147.jpg?fit=700%2C400&amp;ssl=1\" class=\"attachment-full size-full wp-image-5564\" alt=\"\" srcset=\"https:\/\/i0.wp.com\/inclulabgt.org\/wp-content\/uploads\/2023\/06\/Diseno-sin-titulo-2023-06-27T015728.147.jpg?w=700&amp;ssl=1 700w, https:\/\/i0.wp.com\/inclulabgt.org\/wp-content\/uploads\/2023\/06\/Diseno-sin-titulo-2023-06-27T015728.147.jpg?resize=600%2C343&amp;ssl=1 600w, https:\/\/i0.wp.com\/inclulabgt.org\/wp-content\/uploads\/2023\/06\/Diseno-sin-titulo-2023-06-27T015728.147.jpg?resize=300%2C171&amp;ssl=1 300w\" sizes=\"auto, (max-width: 700px) 100vw, 700px\" \/>\t\t\t\t\t\t\t\t\t\t\t\t\t\t\t<\/div>\n\t\t\t\t<\/div>\n\t\t\t\t<div class=\"elementor-element elementor-element-901aa5c elementor-widget elementor-widget-heading\" data-id=\"901aa5c\" data-element_type=\"widget\" data-widget_type=\"heading.default\">\n\t\t\t\t<div class=\"elementor-widget-container\">\n\t\t\t<h2 class=\"elementor-heading-title elementor-size-default\">Gallery <\/h2>\t\t<\/div>\n\t\t\t\t<\/div>\n\t\t\t\t<div class=\"elementor-element elementor-element-4bce46b elementor-align-center elementor-widget elementor-widget-button\" data-id=\"4bce46b\" data-element_type=\"widget\" data-widget_type=\"button.default\">\n\t\t\t\t<div class=\"elementor-widget-container\">\n\t\t\t\t\t<div class=\"elementor-button-wrapper\">\n\t\t\t<a href=\"https:\/\/inclulabgt.org\/en\/galeria\/\" class=\"elementor-button-link elementor-button elementor-size-sm\" role=\"button\">\n\t\t\t\t\t\t<span class=\"elementor-button-content-wrapper\">\n\t\t\t\t\t\t<span class=\"elementor-button-text\">see more<\/span>\n\t\t<\/span>\n\t\t\t\t\t<\/a>\n\t\t<\/div>\n\t\t\t\t<\/div>\n\t\t\t\t<\/div>\n\t\t\t\t\t<\/div>\n\t\t<\/div>\n\t\t\t\t\t\t\t<\/div>\n\t\t<\/section>\n\t\t\t\t\t<\/div>\n\t\t<\/div>\n\t\t\t\t\t\t\t<\/div>\n\t\t<\/section>\n\t\t\t\t<section class=\"elementor-section elementor-top-section elementor-element elementor-element-2b7607e elementor-section-boxed elementor-section-height-default elementor-section-height-default\" data-id=\"2b7607e\" data-element_type=\"section\">\n\t\t\t\t\t\t<div class=\"elementor-container elementor-column-gap-default\">\n\t\t\t\t\t<div class=\"elementor-column elementor-col-100 elementor-top-column elementor-element elementor-element-842a607\" data-id=\"842a607\" data-element_type=\"column\">\n\t\t\t<div class=\"elementor-widget-wrap elementor-element-populated\">\n\t\t\t\t\t\t\t\t<section class=\"elementor-section elementor-inner-section elementor-element elementor-element-34eb0f3 elementor-section-boxed elementor-section-height-default elementor-section-height-default\" data-id=\"34eb0f3\" data-element_type=\"section\" data-settings=\"{&quot;background_background&quot;:&quot;classic&quot;}\">\n\t\t\t\t\t\t<div class=\"elementor-container elementor-column-gap-default\">\n\t\t\t\t\t<div class=\"elementor-column elementor-col-33 elementor-inner-column elementor-element elementor-element-03628b6\" data-id=\"03628b6\" data-element_type=\"column\">\n\t\t\t<div class=\"elementor-widget-wrap elementor-element-populated\">\n\t\t\t\t\t\t\t\t<div class=\"elementor-element elementor-element-2522b8e elementor-widget elementor-widget-image\" data-id=\"2522b8e\" data-element_type=\"widget\" data-widget_type=\"image.default\">\n\t\t\t\t<div class=\"elementor-widget-container\">\n\t\t\t\t\t\t\t\t\t\t\t\t\t\t\t<img loading=\"lazy\" decoding=\"async\" width=\"864\" height=\"936\" src=\"https:\/\/i0.wp.com\/inclulabgt.org\/wp-content\/uploads\/2022\/03\/Diseno-sin-titulo-2023-08-15T031701.952.png?fit=864%2C936&amp;ssl=1\" class=\"attachment-large size-large wp-image-5992\" alt=\"\" srcset=\"https:\/\/i0.wp.com\/inclulabgt.org\/wp-content\/uploads\/2022\/03\/Diseno-sin-titulo-2023-08-15T031701.952.png?w=864&amp;ssl=1 864w, https:\/\/i0.wp.com\/inclulabgt.org\/wp-content\/uploads\/2022\/03\/Diseno-sin-titulo-2023-08-15T031701.952.png?resize=277%2C300&amp;ssl=1 277w, https:\/\/i0.wp.com\/inclulabgt.org\/wp-content\/uploads\/2022\/03\/Diseno-sin-titulo-2023-08-15T031701.952.png?resize=768%2C832&amp;ssl=1 768w, https:\/\/i0.wp.com\/inclulabgt.org\/wp-content\/uploads\/2022\/03\/Diseno-sin-titulo-2023-08-15T031701.952.png?resize=11%2C12&amp;ssl=1 11w, https:\/\/i0.wp.com\/inclulabgt.org\/wp-content\/uploads\/2022\/03\/Diseno-sin-titulo-2023-08-15T031701.952.png?resize=60%2C65&amp;ssl=1 60w, https:\/\/i0.wp.com\/inclulabgt.org\/wp-content\/uploads\/2022\/03\/Diseno-sin-titulo-2023-08-15T031701.952.png?resize=110%2C119&amp;ssl=1 110w, https:\/\/i0.wp.com\/inclulabgt.org\/wp-content\/uploads\/2022\/03\/Diseno-sin-titulo-2023-08-15T031701.952.png?resize=600%2C650&amp;ssl=1 600w\" sizes=\"auto, (max-width: 864px) 100vw, 864px\" \/>\t\t\t\t\t\t\t\t\t\t\t\t\t\t\t<\/div>\n\t\t\t\t<\/div>\n\t\t\t\t\t<\/div>\n\t\t<\/div>\n\t\t\t\t<div class=\"elementor-column elementor-col-33 elementor-inner-column elementor-element elementor-element-aa32050\" data-id=\"aa32050\" data-element_type=\"column\">\n\t\t\t<div class=\"elementor-widget-wrap elementor-element-populated\">\n\t\t\t\t\t\t\t\t<div class=\"elementor-element elementor-element-85f52eb elementor-widget elementor-widget-heading\" data-id=\"85f52eb\" data-element_type=\"widget\" data-widget_type=\"heading.default\">\n\t\t\t\t<div class=\"elementor-widget-container\">\n\t\t\t<h2 class=\"elementor-heading-title elementor-size-default\">With the purchase of our delicious products that we make help us obtain  <span class=\"text-primary\">our own income. <\/span><\/h2>\t\t<\/div>\n\t\t\t\t<\/div>\n\t\t\t\t\t<\/div>\n\t\t<\/div>\n\t\t\t\t<div class=\"elementor-column elementor-col-33 elementor-inner-column elementor-element elementor-element-0b8026e\" data-id=\"0b8026e\" data-element_type=\"column\">\n\t\t\t<div class=\"elementor-widget-wrap elementor-element-populated\">\n\t\t\t\t\t\t\t\t<div class=\"elementor-element elementor-element-a88c998 elementor-align-center elementor-widget elementor-widget-button\" data-id=\"a88c998\" data-element_type=\"widget\" data-widget_type=\"button.default\">\n\t\t\t\t<div class=\"elementor-widget-container\">\n\t\t\t\t\t<div class=\"elementor-button-wrapper\">\n\t\t\t<a href=\"https:\/\/inclulabgt.org\/en\/shop\/\" class=\"elementor-button-link elementor-button elementor-size-sm\" role=\"button\">\n\t\t\t\t\t\t<span class=\"elementor-button-content-wrapper\">\n\t\t\t\t\t\t<span class=\"elementor-button-text\">go to store<\/span>\n\t\t<\/span>\n\t\t\t\t\t<\/a>\n\t\t<\/div>\n\t\t\t\t<\/div>\n\t\t\t\t<\/div>\n\t\t\t\t\t<\/div>\n\t\t<\/div>\n\t\t\t\t\t\t\t<\/div>\n\t\t<\/section>\n\t\t\t\t\t<\/div>\n\t\t<\/div>\n\t\t\t\t\t\t\t<\/div>\n\t\t<\/section>\n\t\t\t\t\t\t\t<\/div>","protected":false},"excerpt":{"rendered":"<p>Nuestros Programas Dentro de nuestro completo programa de formaci\u00f3n, ofrecemos una variedad de cursos dise\u00f1ados espec\u00edficamente para satisfacer las necesidades y condiciones de nuestros j\u00f3venes con discapacidad. Estos cursos incluyen: Desarrollo de habilidades b\u00e1sicas: Lectura, escritura y pr\u00e1cticas de higiene personal. Inform\u00e1tica adaptada: Brindamos ense\u00f1anza &hellip;<\/p>","protected":false},"author":2,"featured_media":0,"parent":0,"menu_order":0,"comment_status":"closed","ping_status":"closed","template":"","meta":{"footnotes":""},"class_list":["post-5606","page","type-page","status-publish","hentry"],"_links":{"self":[{"href":"https:\/\/inclulabgt.org\/en\/wp-json\/wp\/v2\/pages\/5606","targetHints":{"allow":["GET"]}}],"collection":[{"href":"https:\/\/inclulabgt.org\/en\/wp-json\/wp\/v2\/pages"}],"about":[{"href":"https:\/\/inclulabgt.org\/en\/wp-json\/wp\/v2\/types\/page"}],"author":[{"embeddable":true,"href":"https:\/\/inclulabgt.org\/en\/wp-json\/wp\/v2\/users\/2"}],"replies":[{"embeddable":true,"href":"https:\/\/inclulabgt.org\/en\/wp-json\/wp\/v2\/comments?post=5606"}],"version-history":[{"count":19,"href":"https:\/\/inclulabgt.org\/en\/wp-json\/wp\/v2\/pages\/5606\/revisions"}],"predecessor-version":[{"id":5996,"href":"https:\/\/inclulabgt.org\/en\/wp-json\/wp\/v2\/pages\/5606\/revisions\/5996"}],"wp:attachment":[{"href":"https:\/\/inclulabgt.org\/en\/wp-json\/wp\/v2\/media?parent=5606"}],"curies":[{"name":"wp","href":"https:\/\/api.w.org\/{rel}","templated":true}]}}